{"id":374,"date":"2023-08-07T17:50:44","date_gmt":"2023-08-07T17:50:44","guid":{"rendered":"http:\/\/hostelamasra.com.tr\/?page_id=374"},"modified":"2023-08-07T17:50:45","modified_gmt":"2023-08-07T17:50:45","slug":"sik-sorulan-sorular","status":"publish","type":"page","link":"https:\/\/hostelamasra.com.tr\/zh\/sik-sorulan-sorular\/","title":{"rendered":"\u7ecf\u5e38\u95ee\u7684\u95ee\u9898"},"content":{"rendered":"<h3 class=\"wp-block-heading\">\u4f60\u63a5\u53d7\u5ba0\u7269\u5417\uff1f<\/h3>\n\n\n\n<p>\u4e0d\u5e78\u7684\u662f\u6ca1\u6709\uff0c\u6211\u4eec\u975e\u5e38\u559c\u6b22\u5ba0\u7269\uff0c\u4f46\u662f<strong> \u6211\u4eec\u5353\u8d8a\u7684\u6e05\u6d01\u653f\u7b56<\/strong> \u56e0\u6b64\uff0c\u6211\u4eec\u7684\u9152\u5e97\u4e0d\u80fd\u63a5\u5f85\u4ed6\u4eec\u3002<\/p>\n\n\n\n<h3 class=\"wp-block-heading\">\u60a8\u7684\u516c\u5bd3\u9760\u8fd1\u6d77\u6ee9\u548c\u5927\u6d77\u5417\uff1f<\/h3>\n\n\n\n<p>\u6211\u4eec\u7684\u516c\u5bd3\u548c\u623f\u95f4<strong> \u8ddd\u79bb K\u00fc\u00e7\u00fck Liman \u548c B\u00fcy\u00fck Liman \u6d77\u6ee9 200-300 \u7c73<\/strong> \u79bb\u5f00\u3002\u6211\u4eec\u4f4d\u4e8e\u963f\u739b\u65af\u62c9\u7684\u4e2d\u5fc3\u3002<\/p>\n\n\n\n<h3 class=\"wp-block-heading\">\u6709\u505c\u8f66\u4f4d\u5417\uff1f<\/h3>\n\n\n\n<p>\u5c5e\u4e8e\u6211\u4eec\u4e1a\u52a1\u7684\u4e13\u7528\u7f51\u7ad9 <strong>\u6211\u4eec\u6ca1\u6709\u505c\u8f66\u573a <\/strong>\u4e0d\u8fc7\uff0c\u9644\u8fd1\u6709\u5e02\u653f\u548c\u79c1\u4eba\u505c\u8f66\u573a\u3002\u5047\u671f\u548c\u65fa\u5b63\uff08\u516d\u6708 - \u4e03\u6708 - \u516b\u6708\uff09\u4e4b\u5916\uff0c\u6211\u4eec\u53ef\u4ee5\u5e2e\u52a9\u60a8\u627e\u5230\u514d\u8d39\u505c\u8f66\u4f4d\u3002<\/p>\n\n\n\n<h3 class=\"wp-block-heading\">\u53d6\u6d88\u653f\u7b56\u662f\u4ec0\u4e48\uff1f<\/h3>\n\n\n\n<p>\u8fc7\u53bb 3 \u5929\u5185\u53d6\u6d88\u9884\u8ba2\u4e0d\u4f1a\u53d7\u5230\u5904\u7f5a\u3002\u5bf9\u4e8e\u8f83\u77ed\u7684\u5165\u4f4f\u65f6\u95f4\uff0c\u5c06\u6536\u53d6 1 \u5929\u7684\u7f5a\u6b3e\uff08\u6bcf 7 \u5929\u589e\u52a0 1 \u5929\uff09\u3002\u4f8b\u5982\uff0c\u5165\u4f4f 8 \u5929\u5c06\u6536\u53d6 2 \u665a\u7684\u7f5a\u6b3e\u3002<\/p>\n\n\n\n<h3 class=\"wp-block-heading\">\u6211\u53ef\u4ee5\u5728\u7f51\u4e0a\u9884\u8ba2\u5417\uff1f<\/h3>\n\n\n\n<p>\u662f\u7684\uff0c <a href=\"https:\/\/www.amasraadaapart.com\/pages\/rooms-rates\" target=\"_blank\" rel=\"noopener\">www.amasraadaapart.com<\/a>\u60a8\u53ef\u4ee5\u76f4\u63a5\u4ece \u8fdb\u884c\u9884\u8ba2\u3002<\/p>\n\n\n\n<h3 class=\"wp-block-heading\">\u4f60\u4eec\u9152\u5e97\u7684\u5165\u4f4f\u548c\u9000\u623f\u65f6\u95f4\u662f\u51e0\u70b9\uff1f<\/h3>\n\n\n\n<p>\u6211\u4eec\u7684\u5165\u4f4f\u65f6\u95f4\u4e3a 15:00\uff0c\u9000\u623f\u65f6\u95f4\u4e3a 12:00\u3002<\/p>\n\n\n\n<h3 class=\"wp-block-heading\">\u662f\u5426\u63d0\u4f9b\u4ece\u4f0a\u65af\u5766\u5e03\u5c14\u3001\u5b89\u5361\u62c9\u548c\u6070\u4f0a\u5e93\u9a6c\u673a\u573a\u51fa\u53d1\u7684\u73ed\u8f66\u670d\u52a1\uff1f<\/h3>\n\n\n\n<p>\u6211\u4eec\u6ca1\u6709\u4ece\u673a\u573a\u6216\u5df4\u58eb\u603b\u7ad9\u51fa\u53d1\u7684\u76f4\u63a5\u670d\u52a1\u3002\u5982\u679c\u4f60\u5e0c\u671b <a href=\"https:\/\/www.amasra.com.tr\/amasra-taksi-duragi-iletisim\/\" target=\"_blank\" rel=\"noopener\">\u963f\u739b\u65af\u62c9\u51fa\u79df\u8f66 <\/a>\u60a8\u53ef\u4ee5\u8054\u7cfb\u3002<\/p>\n\n\n\n<h3 class=\"wp-block-heading\">\u5728\u54ea\u91cc\u53ef\u4ee5\u627e\u5230\u6709\u5173\u9152\u5e97\u5ba2\u623f\u7684\u8be6\u7ec6\u4fe1\u606f\u548c\u5730\u56fe\u4f4d\u7f6e\uff1f<\/h3>\n\n\n\n<p>\u5728\u6211\u4eec\u7684\u7f51\u7ad9\u4e0a<a href=\"http:\/\/hostelamasra.com.tr\/odalarimiz\/\" data-type=\"URL\" data-id=\"http:\/\/hostelamasra.com.tr\/odalarimiz\/\"> \u6211\u4eec\u7684\u623f\u95f4\u548c\u623f\u95f4<\/a> \u60a8\u53ef\u4ee5\u5728\u6211\u4eec\u7684\u9875\u9762\u4e0a\u67e5\u770b\u8be6\u7ec6\u4fe1\u606f\u3002<\/p>\n\n\n\n<h3 class=\"wp-block-heading\">\u6709\u65e9\u9910\u6216\u9910\u98df\u670d\u52a1\u5417\uff1f<\/h3>\n\n\n\n<p>\u4e0d\uff0c\u6ca1\u6709\u3002<\/p>\n\n\n\n<h3 class=\"wp-block-heading\">\u5982\u4f55\u83b7\u5f97\u9884\u8ba2\u786e\u8ba4\uff1f<\/h3>\n\n\n\n<p>\u5728\u7ebf\u6216\u901a\u8fc7\u6211\u4eec\u7684\u7535\u8bdd\u53f7\u7801\u9884\u8ba2\u540e <strong>\u786e\u8ba4\u7535\u5b50\u90ae\u4ef6\uff08IBAN \u4fe1\u606f\uff09\u53d1\u9001\u81f3\u60a8\u7684\u7535\u5b50\u90ae\u4ef6\u7cfb\u7edf <\/strong>\u5c06\u4f1a\u6765\u3002 <strong>24\u5c0f\u65f6\u5185\u5b58\u6b3e <\/strong>\u4e00\u65e6\u60a8\u652f\u4ed8\u4e86\u62bc\u91d1\uff0c\u60a8\u7684\u9884\u8ba2\u5c06\u5f97\u5230\u786e\u8ba4\u3002<\/p>","protected":false},"excerpt":{"rendered":"<p>Evcil Hayvan Kabul ediyor musunu? Malesef hay\u0131r, evcil hayvanlar\u0131 \u00e7ok seviyoruz ancak \u00fcst\u00fcn temizlik politikam\u0131z gere\u011fi otelimizde kabul edemiyoruz. Daireleriniz plaja &amp; denize yak\u0131n m\u0131? Dailerimiz ve odalar\u0131m\u0131z K\u00fc\u00e7\u00fck Liman ve B\u00fcy\u00fck Liman Plaj\u0131\u2019na 200-300 metre uzakl\u0131ktad\u0131r. Amasra merkezindeyiz. Otopark\u0131n\u0131z var m\u0131? \u0130\u015fletmemize ait ayr\u0131lm\u0131\u015f bir otopark\u0131m\u0131z bulunmuyor ancak, yak\u0131nlar\u0131m\u0131zda belediye ve \u00f6zel ki\u015filere ait&hellip;&nbsp;<a href=\"https:\/\/hostelamasra.com.tr\/zh\/sik-sorulan-sorular\/\" rel=\"bookmark\">\u9605\u8bfb\u66f4\u591a \u201d<span class=\"screen-reader-text\">\u7ecf\u5e38\u95ee\u7684\u95ee\u9898<\/span><\/a><\/p>","protected":false},"author":1,"featured_media":0,"parent":0,"menu_order":0,"comment_status":"closed","ping_status":"closed","template":"","meta":{"neve_meta_sidebar":"","neve_meta_container":"","neve_meta_enable_content_width":"","neve_meta_content_width":0,"neve_meta_title_alignment":"","neve_meta_author_avatar":"","neve_post_elements_order":"","neve_meta_disable_header":"","neve_meta_disable_footer":"","neve_meta_disable_title":"","neve_meta_reading_time":"","_themeisle_gutenberg_block_has_review":false,"footnotes":""},"class_list":["post-374","page","type-page","status-publish","hentry"],"_links":{"self":[{"href":"https:\/\/hostelamasra.com.tr\/zh\/wp-json\/wp\/v2\/pages\/374","targetHints":{"allow":["GET"]}}],"collection":[{"href":"https:\/\/hostelamasra.com.tr\/zh\/wp-json\/wp\/v2\/pages"}],"about":[{"href":"https:\/\/hostelamasra.com.tr\/zh\/wp-json\/wp\/v2\/types\/page"}],"author":[{"embeddable":true,"href":"https:\/\/hostelamasra.com.tr\/zh\/wp-json\/wp\/v2\/users\/1"}],"replies":[{"embeddable":true,"href":"https:\/\/hostelamasra.com.tr\/zh\/wp-json\/wp\/v2\/comments?post=374"}],"version-history":[{"count":1,"href":"https:\/\/hostelamasra.com.tr\/zh\/wp-json\/wp\/v2\/pages\/374\/revisions"}],"predecessor-version":[{"id":375,"href":"https:\/\/hostelamasra.com.tr\/zh\/wp-json\/wp\/v2\/pages\/374\/revisions\/375"}],"wp:attachment":[{"href":"https:\/\/hostelamasra.com.tr\/zh\/wp-json\/wp\/v2\/media?parent=374"}],"curies":[{"name":"wp","href":"https:\/\/api.w.org\/{rel}","templated":true}]}}