{"id":374,"date":"2023-08-07T17:50:44","date_gmt":"2023-08-07T17:50:44","guid":{"rendered":"http:\/\/hostelamasra.com.tr\/?page_id=374"},"modified":"2023-08-07T17:50:45","modified_gmt":"2023-08-07T17:50:45","slug":"sik-sorulan-sorular","status":"publish","type":"page","link":"https:\/\/hostelamasra.com.tr\/ru\/sik-sorulan-sorular\/","title":{"rendered":"\u0427\u0430\u0441\u0442\u043e \u0437\u0430\u0434\u0430\u0432\u0430\u0435\u043c\u044b\u0435 \u0432\u043e\u043f\u0440\u043e\u0441\u044b"},"content":{"rendered":"<h3 class=\"wp-block-heading\">\u0412\u044b \u043f\u0440\u0438\u043d\u0438\u043c\u0430\u0435\u0442\u0435 \u0434\u043e\u043c\u0430\u0448\u043d\u0438\u0445 \u0436\u0438\u0432\u043e\u0442\u043d\u044b\u0445?<\/h3>\n\n\n\n<p>\u041a \u0441\u043e\u0436\u0430\u043b\u0435\u043d\u0438\u044e, \u043d\u0435\u0442, \u043c\u044b \u043e\u0447\u0435\u043d\u044c \u043b\u044e\u0431\u0438\u043c \u0434\u043e\u043c\u0430\u0448\u043d\u0438\u0445 \u0436\u0438\u0432\u043e\u0442\u043d\u044b\u0445, \u043d\u043e<strong> \u041d\u0430\u0448\u0430 \u043f\u043e\u043b\u0438\u0442\u0438\u043a\u0430 \u043f\u0440\u0435\u0432\u043e\u0441\u0445\u043e\u0434\u043d\u043e\u0439 \u0443\u0431\u043e\u0440\u043a\u0438<\/strong> \u0421\u043e\u043e\u0442\u0432\u0435\u0442\u0441\u0442\u0432\u0435\u043d\u043d\u043e, \u043c\u044b \u043d\u0435 \u043c\u043e\u0436\u0435\u043c \u043f\u0440\u0438\u043d\u044f\u0442\u044c \u0438\u0445 \u0432 \u043d\u0430\u0448\u0435\u043c \u043e\u0442\u0435\u043b\u0435.<\/p>\n\n\n\n<h3 class=\"wp-block-heading\">\u0412\u0430\u0448\u0438 \u0430\u043f\u0430\u0440\u0442\u0430\u043c\u0435\u043d\u0442\u044b \u0440\u0430\u0441\u043f\u043e\u043b\u043e\u0436\u0435\u043d\u044b \u043d\u0435\u0434\u0430\u043b\u0435\u043a\u043e \u043e\u0442 \u043f\u043b\u044f\u0436\u0430 \u0438 \u043c\u043e\u0440\u044f?<\/h3>\n\n\n\n<p>\u041d\u0430\u0448\u0438 \u0430\u043f\u0430\u0440\u0442\u0430\u043c\u0435\u043d\u0442\u044b \u0438 \u043a\u043e\u043c\u043d\u0430\u0442\u044b<strong> 200-300 \u043c\u0435\u0442\u0440\u043e\u0432 \u0434\u043e \u043f\u043b\u044f\u0436\u0435\u0439 \u041a\u0443\u0447\u0443\u043a \u041b\u0438\u043c\u0430\u043d \u0438 \u0411\u044e\u044e\u043a \u041b\u0438\u043c\u0430\u043d.<\/strong> \u043f\u0440\u043e\u0447\u044c. \u041c\u044b \u043d\u0430\u0445\u043e\u0434\u0438\u043c\u0441\u044f \u0432 \u0446\u0435\u043d\u0442\u0440\u0435 \u0410\u043c\u0430\u0441\u0440\u044b.<\/p>\n\n\n\n<h3 class=\"wp-block-heading\">\u0423 \u0432\u0430\u0441 \u0435\u0441\u0442\u044c \u043f\u0430\u0440\u043a\u043e\u0432\u043a\u0430?<\/h3>\n\n\n\n<p>\u0421\u043f\u0435\u0446\u0438\u0430\u043b\u0438\u0437\u0438\u0440\u043e\u0432\u0430\u043d\u043d\u044b\u0439 \u0441\u0430\u0439\u0442, \u043f\u0440\u0438\u043d\u0430\u0434\u043b\u0435\u0436\u0430\u0449\u0438\u0439 \u043d\u0430\u0448\u0435\u043c\u0443 \u0431\u0438\u0437\u043d\u0435\u0441\u0443 <strong>\u0423 \u043d\u0430\u0441 \u043d\u0435\u0442 \u043f\u0430\u0440\u043a\u043e\u0432\u043a\u0438 <\/strong>\u041e\u0434\u043d\u0430\u043a\u043e \u043f\u043e\u0431\u043b\u0438\u0437\u043e\u0441\u0442\u0438 \u0435\u0441\u0442\u044c \u043c\u0443\u043d\u0438\u0446\u0438\u043f\u0430\u043b\u044c\u043d\u044b\u0435 \u0438 \u0447\u0430\u0441\u0442\u043d\u044b\u0435 \u0430\u0432\u0442\u043e\u0441\u0442\u043e\u044f\u043d\u043a\u0438. \u0412\u043d\u0435 \u043f\u0440\u0430\u0437\u0434\u043d\u0438\u043a\u043e\u0432 \u0438 \u0432 \u0432\u044b\u0441\u043e\u043a\u0438\u0439 \u0441\u0435\u0437\u043e\u043d (\u0438\u044e\u043d\u044c-\u0438\u044e\u043b\u044c-\u0430\u0432\u0433\u0443\u0441\u0442) \u043c\u044b \u043c\u043e\u0436\u0435\u043c \u043f\u043e\u043c\u043e\u0447\u044c \u0432\u0430\u043c \u043d\u0430\u0439\u0442\u0438 \u0431\u0435\u0441\u043f\u043b\u0430\u0442\u043d\u0443\u044e \u043f\u0430\u0440\u043a\u043e\u0432\u043a\u0443.<\/p>\n\n\n\n<h3 class=\"wp-block-heading\">\u041a\u0430\u043a\u043e\u0432\u0430 \u043f\u043e\u043b\u0438\u0442\u0438\u043a\u0430 \u043e\u0442\u043c\u0435\u043d\u044b?<\/h3>\n\n\n\n<p>\u0417\u0430 \u043e\u0442\u043c\u0435\u043d\u0443 \u0431\u0440\u043e\u043d\u0438\u0440\u043e\u0432\u0430\u043d\u0438\u044f \u0432 \u0442\u0435\u0447\u0435\u043d\u0438\u0435 \u043f\u043e\u0441\u043b\u0435\u0434\u043d\u0438\u0445 3\u00a0\u0434\u043d\u0435\u0439 \u0448\u0442\u0440\u0430\u0444 \u043d\u0435 \u0432\u0437\u0438\u043c\u0430\u0435\u0442\u0441\u044f. \u041f\u0440\u0438 \u0431\u043e\u043b\u0435\u0435 \u043a\u043e\u0440\u043e\u0442\u043a\u0438\u0445 \u043f\u0435\u0440\u0438\u043e\u0434\u0430\u0445 \u043f\u0440\u0438\u043c\u0435\u043d\u044f\u0435\u0442\u0441\u044f \u0448\u0442\u0440\u0430\u0444 \u0432 1 \u0434\u0435\u043d\u044c (\u0437\u0430 \u043a\u0430\u0436\u0434\u044b\u0435 7 \u0434\u043d\u0435\u0439 \u0434\u043e\u0431\u0430\u0432\u043b\u044f\u0435\u0442\u0441\u044f 1 \u0434\u043e\u043f\u043e\u043b\u043d\u0438\u0442\u0435\u043b\u044c\u043d\u044b\u0439 \u0434\u0435\u043d\u044c), \u043d\u0430\u043f\u0440\u0438\u043c\u0435\u0440, \u043f\u0440\u0438 8-\u0434\u043d\u0435\u0432\u043d\u043e\u043c \u043f\u0440\u0435\u0431\u044b\u0432\u0430\u043d\u0438\u0438 \u043f\u0440\u0438\u043c\u0435\u043d\u044f\u0435\u0442\u0441\u044f \u0448\u0442\u0440\u0430\u0444 \u0432 2 \u043d\u043e\u0447\u0438.<\/p>\n\n\n\n<h3 class=\"wp-block-heading\">\u041c\u043e\u0433\u0443 \u043b\u0438 \u044f \u0441\u0434\u0435\u043b\u0430\u0442\u044c \u0431\u0440\u043e\u043d\u0438\u0440\u043e\u0432\u0430\u043d\u0438\u0435 \u043e\u043d\u043b\u0430\u0439\u043d?<\/h3>\n\n\n\n<p>\u0414\u0430, <a href=\"https:\/\/www.amasraadaapart.com\/pages\/rooms-rates\" target=\"_blank\" rel=\"noopener\">www.amasraadaapart.com<\/a>\u0412\u044b \u043c\u043e\u0436\u0435\u0442\u0435 \u0441\u0434\u0435\u043b\u0430\u0442\u044c \u0437\u0430\u043a\u0430\u0437 \u043f\u0440\u044f\u043c\u043e \u0438\u0437 .<\/p>\n\n\n\n<h3 class=\"wp-block-heading\">\u0412 \u043a\u0430\u043a\u043e\u0435 \u0432\u0440\u0435\u043c\u044f \u0443 \u0432\u0430\u0441 \u0437\u0430\u0435\u0437\u0434 \u0438 \u0432\u044b\u0435\u0437\u0434 \u0438\u0437 \u043e\u0442\u0435\u043b\u044f?<\/h3>\n\n\n\n<p>\u0412\u0440\u0435\u043c\u044f \u0437\u0430\u0435\u0437\u0434\u0430 \u2014 15:00, \u0432\u0440\u0435\u043c\u044f \u0432\u044b\u0435\u0437\u0434\u0430 \u2014 12:00.<\/p>\n\n\n\n<h3 class=\"wp-block-heading\">\u0415\u0441\u0442\u044c \u043b\u0438 \u0443 \u0432\u0430\u0441 \u0442\u0440\u0430\u043d\u0441\u0444\u0435\u0440 \u0438\u0437 \u0430\u044d\u0440\u043e\u043f\u043e\u0440\u0442\u043e\u0432 \u0421\u0442\u0430\u043c\u0431\u0443\u043b\u0430, \u0410\u043d\u043a\u0430\u0440\u044b \u0438 \u0427\u0430\u0439\u043a\u0443\u043c\u044b?<\/h3>\n\n\n\n<p>\u0423 \u043d\u0430\u0441 \u043d\u0435\u0442 \u043f\u0440\u044f\u043c\u044b\u0445 \u0440\u0435\u0439\u0441\u043e\u0432 \u0438\u0437 \u0430\u044d\u0440\u043e\u043f\u043e\u0440\u0442\u043e\u0432 \u0438\u043b\u0438 \u0430\u0432\u0442\u043e\u0432\u043e\u043a\u0437\u0430\u043b\u043e\u0432. \u0415\u0441\u043b\u0438 \u0432\u044b \u0445\u043e\u0442\u0438\u0442\u0435 <a href=\"https:\/\/www.amasra.com.tr\/amasra-taksi-duragi-iletisim\/\" target=\"_blank\" rel=\"noopener\">\u0410\u043c\u0430\u0441\u0440\u0430 \u0422\u0430\u043a\u0441\u0438 <\/a>\u0412\u044b \u043c\u043e\u0436\u0435\u0442\u0435 \u0441\u0432\u044f\u0437\u0430\u0442\u044c\u0441\u044f.<\/p>\n\n\n\n<h3 class=\"wp-block-heading\">\u0413\u0434\u0435 \u044f \u043c\u043e\u0433\u0443 \u043d\u0430\u0439\u0442\u0438 \u043f\u043e\u0434\u0440\u043e\u0431\u043d\u0443\u044e \u0438\u043d\u0444\u043e\u0440\u043c\u0430\u0446\u0438\u044e \u0438 \u0440\u0430\u0441\u043f\u043e\u043b\u043e\u0436\u0435\u043d\u0438\u0435 \u043d\u0430 \u043a\u0430\u0440\u0442\u0435 \u043e \u0433\u043e\u0441\u0442\u0438\u043d\u0438\u0447\u043d\u044b\u0445 \u043d\u043e\u043c\u0435\u0440\u0430\u0445?<\/h3>\n\n\n\n<p>\u041d\u0430 \u043d\u0430\u0448\u0435\u043c \u0441\u0430\u0439\u0442\u0435<a href=\"http:\/\/hostelamasra.com.tr\/odalarimiz\/\" data-type=\"URL\" data-id=\"http:\/\/hostelamasra.com.tr\/odalarimiz\/\"> \u041d\u0430\u0448\u0438 \u043d\u043e\u043c\u0435\u0440\u0430 \u0438 \u043a\u043e\u043c\u043d\u0430\u0442\u044b<\/a> \u041f\u043e\u0434\u0440\u043e\u0431\u043d\u0443\u044e \u0438\u043d\u0444\u043e\u0440\u043c\u0430\u0446\u0438\u044e \u0432\u044b \u043c\u043e\u0436\u0435\u0442\u0435 \u0443\u0432\u0438\u0434\u0435\u0442\u044c \u043d\u0430 \u043d\u0430\u0448\u0435\u0439 \u0441\u0442\u0440\u0430\u043d\u0438\u0446\u0435.<\/p>\n\n\n\n<h3 class=\"wp-block-heading\">\u0423 \u0432\u0430\u0441 \u0435\u0441\u0442\u044c \u0437\u0430\u0432\u0442\u0440\u0430\u043a \u0438\u043b\u0438 \u043f\u0438\u0442\u0430\u043d\u0438\u0435?<\/h3>\n\n\n\n<p>\u041d\u0435\u0442, \u043d\u0435\u0442.<\/p>\n\n\n\n<h3 class=\"wp-block-heading\">\u041a\u0430\u043a \u043f\u043e\u043b\u0443\u0447\u0438\u0442\u044c \u043f\u043e\u0434\u0442\u0432\u0435\u0440\u0436\u0434\u0435\u043d\u0438\u0435 \u0431\u0440\u043e\u043d\u0438\u0440\u043e\u0432\u0430\u043d\u0438\u044f?<\/h3>\n\n\n\n<p>\u041f\u043e\u0441\u043b\u0435 \u043e\u0444\u043e\u0440\u043c\u043b\u0435\u043d\u0438\u044f \u0431\u0440\u043e\u043d\u0438\u0440\u043e\u0432\u0430\u043d\u0438\u044f \u043e\u043d\u043b\u0430\u0439\u043d \u0438\u043b\u0438 \u043f\u043e \u043d\u0430\u0448\u0438\u043c \u043d\u043e\u043c\u0435\u0440\u0430\u043c \u0442\u0435\u043b\u0435\u0444\u043e\u043d\u043e\u0432 <strong>\u042d\u043b\u0435\u043a\u0442\u0440\u043e\u043d\u043d\u043e\u0435 \u043f\u0438\u0441\u044c\u043c\u043e \u0441 \u043f\u043e\u0434\u0442\u0432\u0435\u0440\u0436\u0434\u0435\u043d\u0438\u0435\u043c (\u0438\u043d\u0444\u043e\u0440\u043c\u0430\u0446\u0438\u044f IBAN) \u043d\u0430 \u0432\u0430\u0448\u0443 \u0441\u0438\u0441\u0442\u0435\u043c\u0443 \u044d\u043b\u0435\u043a\u0442\u0440\u043e\u043d\u043d\u043e\u0439 \u043f\u043e\u0447\u0442\u044b. <\/strong>\u043f\u0440\u0438\u0434\u0435\u0442. <strong>\u0414\u0435\u043f\u043e\u0437\u0438\u0442 \u0432 \u0442\u0435\u0447\u0435\u043d\u0438\u0435 24 \u0447\u0430\u0441\u043e\u0432 <\/strong>\u041f\u043e\u0441\u043b\u0435 \u0432\u043d\u0435\u0441\u0435\u043d\u0438\u044f \u0434\u0435\u043f\u043e\u0437\u0438\u0442\u0430 \u0432\u0430\u0448\u0435 \u0431\u0440\u043e\u043d\u0438\u0440\u043e\u0432\u0430\u043d\u0438\u0435 \u0431\u0443\u0434\u0435\u0442 \u043f\u043e\u0434\u0442\u0432\u0435\u0440\u0436\u0434\u0435\u043d\u043e.<\/p>","protected":false},"excerpt":{"rendered":"<p>Evcil Hayvan Kabul ediyor musunu? Malesef hay\u0131r, evcil hayvanlar\u0131 \u00e7ok seviyoruz ancak \u00fcst\u00fcn temizlik politikam\u0131z gere\u011fi otelimizde kabul edemiyoruz. Daireleriniz plaja &amp; denize yak\u0131n m\u0131? Dailerimiz ve odalar\u0131m\u0131z K\u00fc\u00e7\u00fck Liman ve B\u00fcy\u00fck Liman Plaj\u0131\u2019na 200-300 metre uzakl\u0131ktad\u0131r. Amasra merkezindeyiz. Otopark\u0131n\u0131z var m\u0131? \u0130\u015fletmemize ait ayr\u0131lm\u0131\u015f bir otopark\u0131m\u0131z bulunmuyor ancak, yak\u0131nlar\u0131m\u0131zda belediye ve \u00f6zel ki\u015filere ait&hellip;&nbsp;<a href=\"https:\/\/hostelamasra.com.tr\/ru\/sik-sorulan-sorular\/\" rel=\"bookmark\">Read More &raquo;<span class=\"screen-reader-text\">\u0427\u0430\u0441\u0442\u043e \u0437\u0430\u0434\u0430\u0432\u0430\u0435\u043c\u044b\u0435 \u0432\u043e\u043f\u0440\u043e\u0441\u044b<\/span><\/a><\/p>","protected":false},"author":1,"featured_media":0,"parent":0,"menu_order":0,"comment_status":"closed","ping_status":"closed","template":"","meta":{"neve_meta_sidebar":"","neve_meta_container":"","neve_meta_enable_content_width":"","neve_meta_content_width":0,"neve_meta_title_alignment":"","neve_meta_author_avatar":"","neve_post_elements_order":"","neve_meta_disable_header":"","neve_meta_disable_footer":"","neve_meta_disable_title":"","neve_meta_reading_time":"","_themeisle_gutenberg_block_has_review":false,"footnotes":""},"class_list":["post-374","page","type-page","status-publish","hentry"],"_links":{"self":[{"href":"https:\/\/hostelamasra.com.tr\/ru\/wp-json\/wp\/v2\/pages\/374","targetHints":{"allow":["GET"]}}],"collection":[{"href":"https:\/\/hostelamasra.com.tr\/ru\/wp-json\/wp\/v2\/pages"}],"about":[{"href":"https:\/\/hostelamasra.com.tr\/ru\/wp-json\/wp\/v2\/types\/page"}],"author":[{"embeddable":true,"href":"https:\/\/hostelamasra.com.tr\/ru\/wp-json\/wp\/v2\/users\/1"}],"replies":[{"embeddable":true,"href":"https:\/\/hostelamasra.com.tr\/ru\/wp-json\/wp\/v2\/comments?post=374"}],"version-history":[{"count":1,"href":"https:\/\/hostelamasra.com.tr\/ru\/wp-json\/wp\/v2\/pages\/374\/revisions"}],"predecessor-version":[{"id":375,"href":"https:\/\/hostelamasra.com.tr\/ru\/wp-json\/wp\/v2\/pages\/374\/revisions\/375"}],"wp:attachment":[{"href":"https:\/\/hostelamasra.com.tr\/ru\/wp-json\/wp\/v2\/media?parent=374"}],"curies":[{"name":"wp","href":"https:\/\/api.w.org\/{rel}","templated":true}]}}