{"id":374,"date":"2023-08-07T17:50:44","date_gmt":"2023-08-07T17:50:44","guid":{"rendered":"http:\/\/hostelamasra.com.tr\/?page_id=374"},"modified":"2023-08-07T17:50:45","modified_gmt":"2023-08-07T17:50:45","slug":"sik-sorulan-sorular","status":"publish","type":"page","link":"https:\/\/hostelamasra.com.tr\/es\/sik-sorulan-sorular\/","title":{"rendered":"Preguntas frecuentes"},"content":{"rendered":"<h3 class=\"wp-block-heading\">\u00bfAceptas mascotas?<\/h3>\n\n\n\n<p>Desafortunadamente no, amamos mucho a las mascotas pero<strong> Nuestra pol\u00edtica de limpieza superior<\/strong> En consecuencia, no podemos aceptarlos en nuestro hotel.<\/p>\n\n\n\n<h3 class=\"wp-block-heading\">\u00bfEst\u00e1n sus apartamentos cerca de la playa y el mar?<\/h3>\n\n\n\n<p>Nuestros apartamentos y habitaciones<strong> 200-300 metros de K\u00fc\u00e7\u00fck Liman y la playa de B\u00fcy\u00fck Liman<\/strong> lejos. Estamos en el centro de Amasra.<\/p>\n\n\n\n<h3 class=\"wp-block-heading\">\u00bfTienes estacionamiento?<\/h3>\n\n\n\n<p>Un sitio dedicado perteneciente a nuestro negocio. <strong>No tenemos estacionamiento <\/strong>Sin embargo, existen aparcamientos municipales y privados en las inmediaciones. Fuera de festivos y temporada alta (junio-julio-agosto) podemos ayudarle a encontrar aparcamiento gratuito.<\/p>\n\n\n\n<h3 class=\"wp-block-heading\">\u00bfCual es la pol\u00edtica de cancelaci\u00f3n?<\/h3>\n\n\n\n<p>No habr\u00e1 penalizaci\u00f3n por cancelaciones realizadas dentro de los \u00faltimos 3 d\u00edas. Para per\u00edodos m\u00e1s cortos se aplica una penalizaci\u00f3n de 1 d\u00eda (se agrega 1 d\u00eda extra por cada 7 d\u00edas), por ejemplo, se aplica una penalizaci\u00f3n de 2 noches para una estancia de 8 d\u00edas.<\/p>\n\n\n\n<h3 class=\"wp-block-heading\">\u00bfPuedo hacer una reserva en l\u00ednea?<\/h3>\n\n\n\n<p>S\u00ed, <a href=\"https:\/\/www.amasraadaapart.com\/pages\/rooms-rates\" target=\"_blank\" rel=\"noopener\">www.amasraadaapart.com<\/a>Puedes hacer una reserva directamente desde .<\/p>\n\n\n\n<h3 class=\"wp-block-heading\">\u00bfCu\u00e1les son los horarios de entrada y salida de su hotel?<\/h3>\n\n\n\n<p>Nuestro horario de check-in es a las 15:00 y el de check-out es a las 12:00.<\/p>\n\n\n\n<h3 class=\"wp-block-heading\">\u00bfTiene servicio de traslado desde los aeropuertos de Estambul, Ankara y \u00c7aycuma?<\/h3>\n\n\n\n<p>No contamos con servicio directo desde aeropuertos o terminales de autobuses. Si lo desea <a href=\"https:\/\/www.amasra.com.tr\/amasra-taksi-duragi-iletisim\/\" target=\"_blank\" rel=\"noopener\">Taxi Amasra <\/a>Puedes contactar.<\/p>\n\n\n\n<h3 class=\"wp-block-heading\">\u00bfD\u00f3nde puedo encontrar informaci\u00f3n detallada y ubicaci\u00f3n en un mapa sobre las habitaciones del hotel?<\/h3>\n\n\n\n<p>En nuestra p\u00e1gina web<a href=\"http:\/\/hostelamasra.com.tr\/odalarimiz\/\" data-type=\"URL\" data-id=\"http:\/\/hostelamasra.com.tr\/odalarimiz\/\"> Nuestras Habitaciones y Habitaciones<\/a> Puedes ver informaci\u00f3n detallada en nuestra p\u00e1gina.<\/p>\n\n\n\n<h3 class=\"wp-block-heading\">\u00bfTienen servicio de desayuno o comida?<\/h3>\n\n\n\n<p>No, no lo hay.<\/p>\n\n\n\n<h3 class=\"wp-block-heading\">\u00bfC\u00f3mo obtener la confirmaci\u00f3n de la reserva?<\/h3>\n\n\n\n<p>Despu\u00e9s de realizar tu reserva online o a trav\u00e9s de nuestros n\u00fameros de tel\u00e9fono <strong>Correo electr\u00f3nico de confirmaci\u00f3n (informaci\u00f3n IBAN) a su sistema de correo electr\u00f3nico <\/strong>vendr\u00e1. <strong>Dep\u00f3sito en 24 horas <\/strong>Una vez que realice su dep\u00f3sito, su reserva quedar\u00e1 confirmada.<\/p>","protected":false},"excerpt":{"rendered":"<p>\u00bfAceptas mascotas? Lamentablemente no, amamos mucho a las mascotas, pero debido a nuestra pol\u00edtica de limpieza superior, no podemos aceptarlas en nuestro hotel. \u00bfEst\u00e1n sus apartamentos cerca de la playa y el mar? Nuestros apartamentos y habitaciones est\u00e1n a 200-300 metros de K\u00fc\u00e7\u00fck Liman y de la playa de B\u00fcy\u00fck Liman. Estamos en el centro de Amasra. \u00bfTienes estacionamiento? No disponemos de aparcamiento reservado perteneciente a nuestro negocio, pero cerca hay un aparcamiento propiedad del ayuntamiento y de particulares.&nbsp;<a href=\"https:\/\/hostelamasra.com.tr\/es\/sik-sorulan-sorular\/\" rel=\"bookmark\">Leer m\u00e1s &quot;<span class=\"screen-reader-text\">Preguntas frecuentes<\/span><\/a><\/p>","protected":false},"author":1,"featured_media":0,"parent":0,"menu_order":0,"comment_status":"closed","ping_status":"closed","template":"","meta":{"neve_meta_sidebar":"","neve_meta_container":"","neve_meta_enable_content_width":"","neve_meta_content_width":0,"neve_meta_title_alignment":"","neve_meta_author_avatar":"","neve_post_elements_order":"","neve_meta_disable_header":"","neve_meta_disable_footer":"","neve_meta_disable_title":"","neve_meta_reading_time":"","_themeisle_gutenberg_block_has_review":false,"footnotes":""},"class_list":["post-374","page","type-page","status-publish","hentry"],"_links":{"self":[{"href":"https:\/\/hostelamasra.com.tr\/es\/wp-json\/wp\/v2\/pages\/374","targetHints":{"allow":["GET"]}}],"collection":[{"href":"https:\/\/hostelamasra.com.tr\/es\/wp-json\/wp\/v2\/pages"}],"about":[{"href":"https:\/\/hostelamasra.com.tr\/es\/wp-json\/wp\/v2\/types\/page"}],"author":[{"embeddable":true,"href":"https:\/\/hostelamasra.com.tr\/es\/wp-json\/wp\/v2\/users\/1"}],"replies":[{"embeddable":true,"href":"https:\/\/hostelamasra.com.tr\/es\/wp-json\/wp\/v2\/comments?post=374"}],"version-history":[{"count":1,"href":"https:\/\/hostelamasra.com.tr\/es\/wp-json\/wp\/v2\/pages\/374\/revisions"}],"predecessor-version":[{"id":375,"href":"https:\/\/hostelamasra.com.tr\/es\/wp-json\/wp\/v2\/pages\/374\/revisions\/375"}],"wp:attachment":[{"href":"https:\/\/hostelamasra.com.tr\/es\/wp-json\/wp\/v2\/media?parent=374"}],"curies":[{"name":"wp","href":"https:\/\/api.w.org\/{rel}","templated":true}]}}