{"id":485,"date":"2025-12-01T22:16:43","date_gmt":"2025-12-01T22:16:43","guid":{"rendered":"https:\/\/hostelamasra.com.tr\/?page_id=485"},"modified":"2025-12-01T22:16:44","modified_gmt":"2025-12-01T22:16:44","slug":"hakkimizda","status":"publish","type":"page","link":"https:\/\/hostelamasra.com.tr\/en\/hakkimizda\/","title":{"rendered":"about us"},"content":{"rendered":"<p>Amasra Ada Apart konaklama oteller grubunun bir par\u00e7as\u0131 olmaktan mutluluk duyuyoruz. \u00c7\u0131kt\u0131\u011f\u0131m\u0131z bu yoldulukta<strong> 1000 in \u00fczerinde m\u00fc\u015fteriye <\/strong>a\u011f\u0131rlayacak<strong> 10 \u00fczerinden 9.6<\/strong> gibi y\u00fcksek derecede memnuniyet seviyesine ula\u015fmak bize mutluluk veriyor. Sizleride Amasra&#8217;da g\u00f6rmekten ve yenilenmi\u015f harika tasar\u0131ml\u0131 odalar\u0131m\u0131zda a\u011f\u0131rlamaktan mutluluk duyar\u0131z. <\/p>","protected":false},"excerpt":{"rendered":"<p>Amasra Ada Apart konaklama oteller grubunun bir par\u00e7as\u0131 olmaktan mutluluk duyuyoruz. \u00c7\u0131kt\u0131\u011f\u0131m\u0131z bu yoldulukta 1000 in \u00fczerinde m\u00fc\u015fteriye a\u011f\u0131rlayacak 10 \u00fczerinden 9.6 gibi y\u00fcksek derecede memnuniyet seviyesine ula\u015fmak bize mutluluk veriyor. Sizleride Amasra&#8217;da g\u00f6rmekten ve yenilenmi\u015f harika tasar\u0131ml\u0131 odalar\u0131m\u0131zda a\u011f\u0131rlamaktan mutluluk duyar\u0131z.<\/p>","protected":false},"author":1,"featured_media":0,"parent":0,"menu_order":0,"comment_status":"closed","ping_status":"closed","template":"","meta":{"neve_meta_sidebar":"","neve_meta_container":"","neve_meta_enable_content_width":"","neve_meta_content_width":0,"neve_meta_title_alignment":"","neve_meta_author_avatar":"","neve_post_elements_order":"","neve_meta_disable_header":"","neve_meta_disable_footer":"","neve_meta_disable_title":"","neve_meta_reading_time":"","_themeisle_gutenberg_block_has_review":false,"footnotes":""},"class_list":["post-485","page","type-page","status-publish","hentry"],"_links":{"self":[{"href":"https:\/\/hostelamasra.com.tr\/en\/wp-json\/wp\/v2\/pages\/485","targetHints":{"allow":["GET"]}}],"collection":[{"href":"https:\/\/hostelamasra.com.tr\/en\/wp-json\/wp\/v2\/pages"}],"about":[{"href":"https:\/\/hostelamasra.com.tr\/en\/wp-json\/wp\/v2\/types\/page"}],"author":[{"embeddable":true,"href":"https:\/\/hostelamasra.com.tr\/en\/wp-json\/wp\/v2\/users\/1"}],"replies":[{"embeddable":true,"href":"https:\/\/hostelamasra.com.tr\/en\/wp-json\/wp\/v2\/comments?post=485"}],"version-history":[{"count":1,"href":"https:\/\/hostelamasra.com.tr\/en\/wp-json\/wp\/v2\/pages\/485\/revisions"}],"predecessor-version":[{"id":486,"href":"https:\/\/hostelamasra.com.tr\/en\/wp-json\/wp\/v2\/pages\/485\/revisions\/486"}],"wp:attachment":[{"href":"https:\/\/hostelamasra.com.tr\/en\/wp-json\/wp\/v2\/media?parent=485"}],"curies":[{"name":"wp","href":"https:\/\/api.w.org\/{rel}","templated":true}]}}