{"id":374,"date":"2023-08-07T17:50:44","date_gmt":"2023-08-07T17:50:44","guid":{"rendered":"http:\/\/hostelamasra.com.tr\/?page_id=374"},"modified":"2023-08-07T17:50:45","modified_gmt":"2023-08-07T17:50:45","slug":"sik-sorulan-sorular","status":"publish","type":"page","link":"https:\/\/hostelamasra.com.tr\/en\/sik-sorulan-sorular\/","title":{"rendered":"Frequently asked Questions"},"content":{"rendered":"<h3 class=\"wp-block-heading\">Do you accept pets?<\/h3>\n\n\n\n<p>Unfortunately no, we love pets but<strong> our superior cleaning policy<\/strong> As a result, we cannot accept them at our hotel.<\/p>\n\n\n\n<h3 class=\"wp-block-heading\">Are your apartments close to the beach &amp; sea?<\/h3>\n\n\n\n<p>Our apartments and rooms<strong> 200-300 meters to Small Harbor and Big Harbor Beach<\/strong> away. We are in the center of Amasra.<\/p>\n\n\n\n<h3 class=\"wp-block-heading\">Do you have parking?<\/h3>\n\n\n\n<p>A dedicated business <strong>we do not have a parking lot <\/strong>However, there are municipal and private car parks nearby. We can help you find free parking outside of the holidays and peak season (June-July-August).<\/p>\n\n\n\n<h3 class=\"wp-block-heading\">What is the cancellation policy?<\/h3>\n\n\n\n<p>There is no penalty for cancellations made within the last 3 days. For shorter periods, a penalty of 1 day is applied (an extra day is added for every 7 days), for example, a penalty of 2 nights is applied for an 8-day stay.<\/p>\n\n\n\n<h3 class=\"wp-block-heading\">Can I make an online reservation?<\/h3>\n\n\n\n<p>Yes, <a href=\"https:\/\/www.amasraadaapart.com\/pages\/rooms-rates\" target=\"_blank\" rel=\"noopener\">www.amasraadaapart.com<\/a>You can book directly from .<\/p>\n\n\n\n<h3 class=\"wp-block-heading\">What are your check-in and check-out times?<\/h3>\n\n\n\n<p>Our check-in time is 15:00 and our check-out time is 12:00.<\/p>\n\n\n\n<h3 class=\"wp-block-heading\">Do you have service from Istanbul, Ankara and \u00c7aycuma Airports?<\/h3>\n\n\n\n<p>We do not have direct service from airports or bus terminals. if you wish <a href=\"https:\/\/www.amasra.com.tr\/amasra-taksi-duragi-iletisim\/\" target=\"_blank\" rel=\"noopener\">Amasra Taxi <\/a>You can contact with<\/p>\n\n\n\n<h3 class=\"wp-block-heading\">Where can I find detailed information and map location about Hotel Rooms?<\/h3>\n\n\n\n<p>on our website<a href=\"http:\/\/hostelamasra.com.tr\/odalarimiz\/\" data-type=\"URL\" data-id=\"http:\/\/hostelamasra.com.tr\/odalarimiz\/\"> Our Apartments &amp; Rooms<\/a> You can see detailed information on our page.<\/p>\n\n\n\n<h3 class=\"wp-block-heading\">Do you have breakfast or catering service?<\/h3>\n\n\n\n<p>No there&#039;s not.<\/p>\n\n\n\n<h3 class=\"wp-block-heading\">How to get reservation confirmation?<\/h3>\n\n\n\n<p>After you make your reservation online or via our phone numbers <strong>confirmation mail to your e-mail system (IBAN information) <\/strong>will come. <strong>deposit within 24 hours <\/strong>When you deposit, your reservation will be confirmed.<\/p>","protected":false},"excerpt":{"rendered":"<p>Evcil Hayvan Kabul ediyor musunu? Malesef hay\u0131r, evcil hayvanlar\u0131 \u00e7ok seviyoruz ancak \u00fcst\u00fcn temizlik politikam\u0131z gere\u011fi otelimizde kabul edemiyoruz. Daireleriniz plaja &amp; denize yak\u0131n m\u0131? Dailerimiz ve odalar\u0131m\u0131z K\u00fc\u00e7\u00fck Liman ve B\u00fcy\u00fck Liman Plaj\u0131\u2019na 200-300 metre uzakl\u0131ktad\u0131r. Amasra merkezindeyiz. Otopark\u0131n\u0131z var m\u0131? \u0130\u015fletmemize ait ayr\u0131lm\u0131\u015f bir otopark\u0131m\u0131z bulunmuyor ancak, yak\u0131nlar\u0131m\u0131zda belediye ve \u00f6zel ki\u015filere ait&hellip;&nbsp;<a href=\"https:\/\/hostelamasra.com.tr\/en\/sik-sorulan-sorular\/\" rel=\"bookmark\">Read More \u00bb<span class=\"screen-reader-text\">Frequently asked Questions<\/span><\/a><\/p>","protected":false},"author":1,"featured_media":0,"parent":0,"menu_order":0,"comment_status":"closed","ping_status":"closed","template":"","meta":{"neve_meta_sidebar":"","neve_meta_container":"","neve_meta_enable_content_width":"","neve_meta_content_width":0,"neve_meta_title_alignment":"","neve_meta_author_avatar":"","neve_post_elements_order":"","neve_meta_disable_header":"","neve_meta_disable_footer":"","neve_meta_disable_title":"","neve_meta_reading_time":"","_themeisle_gutenberg_block_has_review":false,"footnotes":""},"class_list":["post-374","page","type-page","status-publish","hentry"],"_links":{"self":[{"href":"https:\/\/hostelamasra.com.tr\/en\/wp-json\/wp\/v2\/pages\/374","targetHints":{"allow":["GET"]}}],"collection":[{"href":"https:\/\/hostelamasra.com.tr\/en\/wp-json\/wp\/v2\/pages"}],"about":[{"href":"https:\/\/hostelamasra.com.tr\/en\/wp-json\/wp\/v2\/types\/page"}],"author":[{"embeddable":true,"href":"https:\/\/hostelamasra.com.tr\/en\/wp-json\/wp\/v2\/users\/1"}],"replies":[{"embeddable":true,"href":"https:\/\/hostelamasra.com.tr\/en\/wp-json\/wp\/v2\/comments?post=374"}],"version-history":[{"count":1,"href":"https:\/\/hostelamasra.com.tr\/en\/wp-json\/wp\/v2\/pages\/374\/revisions"}],"predecessor-version":[{"id":375,"href":"https:\/\/hostelamasra.com.tr\/en\/wp-json\/wp\/v2\/pages\/374\/revisions\/375"}],"wp:attachment":[{"href":"https:\/\/hostelamasra.com.tr\/en\/wp-json\/wp\/v2\/media?parent=374"}],"curies":[{"name":"wp","href":"https:\/\/api.w.org\/{rel}","templated":true}]}}