{"id":374,"date":"2023-08-07T17:50:44","date_gmt":"2023-08-07T17:50:44","guid":{"rendered":"http:\/\/hostelamasra.com.tr\/?page_id=374"},"modified":"2023-08-07T17:50:45","modified_gmt":"2023-08-07T17:50:45","slug":"sik-sorulan-sorular","status":"publish","type":"page","link":"https:\/\/hostelamasra.com.tr\/az\/sik-sorulan-sorular\/","title":{"rendered":"Tez-tez soru\u015fulan suallar"},"content":{"rendered":"<h3 class=\"wp-block-heading\">Ev heyvanlar\u0131n\u0131 q\u0259bul edirsiniz?<\/h3>\n\n\n\n<p>T\u0259\u0259ss\u00fcf ki, yox, biz ev heyvanlar\u0131n\u0131 \u00e7ox sevirik, amma<strong> Bizim \u00fcst\u00fcn t\u0259mizlik siyas\u0259timiz<\/strong> Buna g\u00f6r\u0259 d\u0259 biz onlar\u0131 otelimizd\u0259 q\u0259bul ed\u0259 bilm\u0259rik.<\/p>\n\n\n\n<h3 class=\"wp-block-heading\">M\u0259nzill\u0259riniz \u00e7im\u0259rliy\u0259 v\u0259 d\u0259niz\u0259 yax\u0131nd\u0131r?<\/h3>\n\n\n\n<p>M\u0259nzill\u0259rimiz v\u0259 otaqlar\u0131m\u0131z<strong> K\u00fc\u00e7\u00fck Liman v\u0259 B\u00f6y\u00fck Liman \u00e7im\u0259rliyin\u0259 200-300 metr<\/strong> uzaqda. Amasran\u0131n m\u0259rk\u0259zind\u0259yik.<\/p>\n\n\n\n<h3 class=\"wp-block-heading\">parkinqiniz var?<\/h3>\n\n\n\n<p>Biznesimiz\u0259 aid x\u00fcsusi sayt <strong>Dayanacaq\u0131m\u0131z yoxdur <\/strong>Lakin yax\u0131nl\u0131qda b\u0259l\u0259diyy\u0259 v\u0259 \u015f\u0259xsi avtodayanacaqlar var. Bayramlar v\u0259 pik m\u00f6vs\u00fcm xaricind\u0259 (iyun-iyul-avqust) biz siz\u0259 pulsuz parkinq tapmaqda k\u00f6m\u0259k ed\u0259 bil\u0259rik.<\/p>\n\n\n\n<h3 class=\"wp-block-heading\">L\u0259\u011fv etm\u0259 siyas\u0259ti n\u0259dir?<\/h3>\n\n\n\n<p>Son 3 g\u00fcn \u0259rzind\u0259 edil\u0259n l\u0259\u011fvl\u0259r\u0259 g\u00f6r\u0259 he\u00e7 bir c\u0259rim\u0259 t\u0259tbiq edilm\u0259y\u0259c\u0259k. Daha q\u0131sa m\u00fcdd\u0259tl\u0259r \u00fc\u00e7\u00fcn 1 g\u00fcnl\u00fck c\u0259rim\u0259 t\u0259tbiq edilir (h\u0259r 7 g\u00fcnd\u0259n bir \u0259lav\u0259 1 g\u00fcn \u0259lav\u0259 olunur).M\u0259s\u0259l\u0259n, 8 g\u00fcnl\u00fck qalmaq \u00fc\u00e7\u00fcn 2 gec\u0259lik c\u0259rim\u0259 t\u0259tbiq edilir.<\/p>\n\n\n\n<h3 class=\"wp-block-heading\">Onlayn rezervasiya ed\u0259 bil\u0259r\u0259mmi?<\/h3>\n\n\n\n<p>B\u0259li, <a href=\"https:\/\/www.amasraadaapart.com\/pages\/rooms-rates\" target=\"_blank\" rel=\"noopener\">www.amasraadaapart.com<\/a>-dan birba\u015fa rezervasiya ed\u0259 bil\u0259rsiniz.<\/p>\n\n\n\n<h3 class=\"wp-block-heading\">Otel\u0259 giri\u015f v\u0259 \u00e7\u0131x\u0131\u015f vaxtlar\u0131n\u0131z n\u0259 q\u0259d\u0259rdir?<\/h3>\n\n\n\n<p>Giri\u015f vaxt\u0131m\u0131z 15:00, \u00e7\u0131x\u0131\u015f vaxt\u0131m\u0131z is\u0259 12:00-d\u0131r.<\/p>\n\n\n\n<h3 class=\"wp-block-heading\">\u0130stanbul, Ankara v\u0259 \u00c7aycuma hava limanlar\u0131ndan servisiniz varm\u0131?<\/h3>\n\n\n\n<p>Hava limanlar\u0131ndan v\u0259 ya avtobus terminallar\u0131ndan birba\u015fa xidm\u0259timiz yoxdur. \u0130st\u0259s\u0259niz <a href=\"https:\/\/www.amasra.com.tr\/amasra-taksi-duragi-iletisim\/\" target=\"_blank\" rel=\"noopener\">Amasra Taksi <\/a>\u018flaq\u0259 saxlaya bil\u0259rsiniz.<\/p>\n\n\n\n<h3 class=\"wp-block-heading\">Otel otaqlar\u0131 haqq\u0131nda \u0259trafl\u0131 m\u0259lumat\u0131 v\u0259 x\u0259rit\u0259 yerini harada tapa bil\u0259r\u0259m?<\/h3>\n\n\n\n<p>Sayt\u0131m\u0131zda<a href=\"http:\/\/hostelamasra.com.tr\/odalarimiz\/\" data-type=\"URL\" data-id=\"http:\/\/hostelamasra.com.tr\/odalarimiz\/\"> Otaqlar\u0131m\u0131z v\u0259 Otaqlar\u0131m\u0131z<\/a> \u018ftrafl\u0131 m\u0259lumat\u0131 s\u0259hif\u0259mizd\u0259 g\u00f6r\u0259 bil\u0259rsiniz.<\/p>\n\n\n\n<h3 class=\"wp-block-heading\">S\u0259h\u0259r yem\u0259yi v\u0259 ya yem\u0259k xidm\u0259tiniz var?<\/h3>\n\n\n\n<p>Yox yoxdur.<\/p>\n\n\n\n<h3 class=\"wp-block-heading\">Rezervasiya t\u0259sdiqini nec\u0259 \u0259ld\u0259 etm\u0259k olar?<\/h3>\n\n\n\n<p>Onlayn v\u0259 ya telefon n\u00f6mr\u0259l\u0259rimiz vasit\u0259sil\u0259 rezervasiya etdikd\u0259n sonra <strong>E-po\u00e7t sisteminiz\u0259 t\u0259sdiq e-po\u00e7tu (IBAN m\u0259lumat\u0131). <\/strong>g\u0259l\u0259c\u0259k. <strong>24 saat \u0259rzind\u0259 \u0259man\u0259t edin <\/strong>Depozitinizi etdikd\u0259n sonra rezervasiyan\u0131z t\u0259sdiql\u0259n\u0259c\u0259k.<\/p>","protected":false},"excerpt":{"rendered":"<p>Ev heyvanlar\u0131n\u0131 q\u0259bul edirsiniz? T\u0259\u0259ss\u00fcf ki, yox, biz ev heyvanlar\u0131n\u0131 \u00e7ox sevirik, lakin \u00fcst\u00fcn t\u0259mizlik siyas\u0259timiz\u0259 g\u00f6r\u0259 onlar\u0131 otelimizd\u0259 q\u0259bul ed\u0259 bilmirik. M\u0259nzill\u0259riniz \u00e7im\u0259rliy\u0259 v\u0259 d\u0259niz\u0259 yax\u0131nd\u0131r? M\u0259nzill\u0259rimiz v\u0259 otaqlar\u0131m\u0131z K\u00fc\u00e7\u00fck Liman v\u0259 B\u00fcy\u00fck Liman \u00e7im\u0259rliyin\u0259 200-300 metr m\u0259saf\u0259d\u0259dir. Amasran\u0131n m\u0259rk\u0259zind\u0259yik. parkinqiniz var? Bizim biznesimiz\u0259 aid ayr\u0131lm\u0131\u015f dayanacaq\u0131m\u0131z yoxdur, amma yax\u0131nl\u0131qda b\u0259l\u0259diyy\u0259 v\u0259 fiziki \u015f\u0259xsl\u0259r\u0259 m\u0259xsus avtodayanacaq var.&nbsp;<a href=\"https:\/\/hostelamasra.com.tr\/az\/sik-sorulan-sorular\/\" rel=\"bookmark\">Daha \u00e7ox oxu &quot;<span class=\"screen-reader-text\">Tez-tez soru\u015fulan suallar<\/span><\/a><\/p>","protected":false},"author":1,"featured_media":0,"parent":0,"menu_order":0,"comment_status":"closed","ping_status":"closed","template":"","meta":{"neve_meta_sidebar":"","neve_meta_container":"","neve_meta_enable_content_width":"","neve_meta_content_width":0,"neve_meta_title_alignment":"","neve_meta_author_avatar":"","neve_post_elements_order":"","neve_meta_disable_header":"","neve_meta_disable_footer":"","neve_meta_disable_title":"","neve_meta_reading_time":"","_themeisle_gutenberg_block_has_review":false,"footnotes":""},"class_list":["post-374","page","type-page","status-publish","hentry"],"_links":{"self":[{"href":"https:\/\/hostelamasra.com.tr\/az\/wp-json\/wp\/v2\/pages\/374","targetHints":{"allow":["GET"]}}],"collection":[{"href":"https:\/\/hostelamasra.com.tr\/az\/wp-json\/wp\/v2\/pages"}],"about":[{"href":"https:\/\/hostelamasra.com.tr\/az\/wp-json\/wp\/v2\/types\/page"}],"author":[{"embeddable":true,"href":"https:\/\/hostelamasra.com.tr\/az\/wp-json\/wp\/v2\/users\/1"}],"replies":[{"embeddable":true,"href":"https:\/\/hostelamasra.com.tr\/az\/wp-json\/wp\/v2\/comments?post=374"}],"version-history":[{"count":1,"href":"https:\/\/hostelamasra.com.tr\/az\/wp-json\/wp\/v2\/pages\/374\/revisions"}],"predecessor-version":[{"id":375,"href":"https:\/\/hostelamasra.com.tr\/az\/wp-json\/wp\/v2\/pages\/374\/revisions\/375"}],"wp:attachment":[{"href":"https:\/\/hostelamasra.com.tr\/az\/wp-json\/wp\/v2\/media?parent=374"}],"curies":[{"name":"wp","href":"https:\/\/api.w.org\/{rel}","templated":true}]}}