{"id":266,"date":"2023-06-12T23:24:51","date_gmt":"2023-06-12T23:24:51","guid":{"rendered":"http:\/\/hostelamasra.com.tr\/?page_id=266"},"modified":"2024-07-01T13:22:02","modified_gmt":"2024-07-01T13:22:02","slug":"04-oda","status":"publish","type":"page","link":"https:\/\/hostelamasra.com.tr\/az\/04-oda\/","title":{"rendered":"04 Otaq \u2013 Hostel Amasra"},"content":{"rendered":"<p>Amasra \u015f\u0259h\u0259rinin m\u0259rk\u0259zind\u0259 2 n\u0259f\u0259rlik (birl\u0259\u015f\u0259 bil\u0259n, 2 t\u0259k) \u015f\u0259xsi otaq v\u0259 hamam.<\/p>\n\n\n\n<h2 id=\"wp-block-themeisle-blocks-advanced-heading-3e87dd1c\" class=\"wp-block-themeisle-blocks-advanced-heading wp-block-themeisle-blocks-advanced-heading-3e87dd1c\">\u015e\u0259kill\u0259r<\/h2>\n\n\n\n<figure class=\"wp-block-gallery has-nested-images columns-default is-cropped wp-block-gallery-1 is-layout-flex wp-block-gallery-is-layout-flex\">\n<figure class=\"wp-block-image size-large\"><img decoding=\"async\" data-id=\"208\" src=\"data:image\/gif;base64,R0lGODlhAQABAIAAAAAAAP\/\/\/yH5BAEAAAAALAAAAAABAAEAAAIBRAA7\" data-src=\"http:\/\/hostelamasra.com.tr\/wp-content\/uploads\/2023\/06\/amasra-hostel-oda-4-373-1024x768.jpg\" alt=\"\" class=\"wp-image-208 lazyload\"\/><noscript><img decoding=\"async\" width=\"1024\" height=\"768\" data-id=\"208\" src=\"http:\/\/hostelamasra.com.tr\/wp-content\/uploads\/2023\/06\/amasra-hostel-oda-4-373-1024x768.jpg\" alt=\"\" class=\"wp-image-208 lazyload\" srcset=\"https:\/\/hostelamasra.com.tr\/wp-content\/uploads\/2023\/06\/amasra-hostel-oda-4-373-1024x768.jpg 1024w, https:\/\/hostelamasra.com.tr\/wp-content\/uploads\/2023\/06\/amasra-hostel-oda-4-373-300x225.jpg 300w, https:\/\/hostelamasra.com.tr\/wp-content\/uploads\/2023\/06\/amasra-hostel-oda-4-373-768x576.jpg 768w, https:\/\/hostelamasra.com.tr\/wp-content\/uploads\/2023\/06\/amasra-hostel-oda-4-373-1536x1152.jpg 1536w, https:\/\/hostelamasra.com.tr\/wp-content\/uploads\/2023\/06\/amasra-hostel-oda-4-373-16x12.jpg 16w, https:\/\/hostelamasra.com.tr\/wp-content\/uploads\/2023\/06\/amasra-hostel-oda-4-373.jpg 1600w\" sizes=\"(max-width: 1024px) 100vw, 1024px\" \/><\/noscript><figcaption class=\"wp-element-caption\">Bizim otaqdan m\u0259nz\u0259r\u0259 04<\/figcaption><\/figure>\n\n\n\n<figure class=\"wp-block-image size-large\"><img decoding=\"async\" data-id=\"209\" src=\"data:image\/gif;base64,R0lGODlhAQABAIAAAAAAAP\/\/\/yH5BAEAAAAALAAAAAABAAEAAAIBRAA7\" data-src=\"http:\/\/hostelamasra.com.tr\/wp-content\/uploads\/2023\/06\/amasra-hostel-oda-4-374-1024x768.jpg\" alt=\"\" class=\"wp-image-209 lazyload\"\/><noscript><img decoding=\"async\" width=\"1024\" height=\"768\" data-id=\"209\" src=\"http:\/\/hostelamasra.com.tr\/wp-content\/uploads\/2023\/06\/amasra-hostel-oda-4-374-1024x768.jpg\" alt=\"\" class=\"wp-image-209 lazyload\" srcset=\"https:\/\/hostelamasra.com.tr\/wp-content\/uploads\/2023\/06\/amasra-hostel-oda-4-374-1024x768.jpg 1024w, https:\/\/hostelamasra.com.tr\/wp-content\/uploads\/2023\/06\/amasra-hostel-oda-4-374-300x225.jpg 300w, https:\/\/hostelamasra.com.tr\/wp-content\/uploads\/2023\/06\/amasra-hostel-oda-4-374-768x576.jpg 768w, https:\/\/hostelamasra.com.tr\/wp-content\/uploads\/2023\/06\/amasra-hostel-oda-4-374-1536x1152.jpg 1536w, https:\/\/hostelamasra.com.tr\/wp-content\/uploads\/2023\/06\/amasra-hostel-oda-4-374-16x12.jpg 16w, https:\/\/hostelamasra.com.tr\/wp-content\/uploads\/2023\/06\/amasra-hostel-oda-4-374.jpg 1600w\" sizes=\"(max-width: 1024px) 100vw, 1024px\" \/><\/noscript><\/figure>\n\n\n\n<figure class=\"wp-block-image size-large\"><img decoding=\"async\" data-id=\"438\" src=\"data:image\/gif;base64,R0lGODlhAQABAIAAAAAAAP\/\/\/yH5BAEAAAAALAAAAAABAAEAAAIBRAA7\" data-src=\"http:\/\/hostelamasra.com.tr\/wp-content\/uploads\/2024\/07\/WhatsApp-Gorsel-2023-06-26-saat-20.15.41-1024x766.jpg\" alt=\"\" class=\"wp-image-438 lazyload\"\/><noscript><img decoding=\"async\" width=\"1024\" height=\"766\" data-id=\"438\" src=\"http:\/\/hostelamasra.com.tr\/wp-content\/uploads\/2024\/07\/WhatsApp-Gorsel-2023-06-26-saat-20.15.41-1024x766.jpg\" alt=\"\" class=\"wp-image-438 lazyload\" srcset=\"https:\/\/hostelamasra.com.tr\/wp-content\/uploads\/2024\/07\/WhatsApp-Gorsel-2023-06-26-saat-20.15.41-1024x766.jpg 1024w, https:\/\/hostelamasra.com.tr\/wp-content\/uploads\/2024\/07\/WhatsApp-Gorsel-2023-06-26-saat-20.15.41-300x224.jpg 300w, https:\/\/hostelamasra.com.tr\/wp-content\/uploads\/2024\/07\/WhatsApp-Gorsel-2023-06-26-saat-20.15.41-768x575.jpg 768w, https:\/\/hostelamasra.com.tr\/wp-content\/uploads\/2024\/07\/WhatsApp-Gorsel-2023-06-26-saat-20.15.41-1536x1149.jpg 1536w, https:\/\/hostelamasra.com.tr\/wp-content\/uploads\/2024\/07\/WhatsApp-Gorsel-2023-06-26-saat-20.15.41-16x12.jpg 16w, https:\/\/hostelamasra.com.tr\/wp-content\/uploads\/2024\/07\/WhatsApp-Gorsel-2023-06-26-saat-20.15.41.jpg 1600w\" sizes=\"(max-width: 1024px) 100vw, 1024px\" \/><\/noscript><\/figure>\n\n\n\n<figure class=\"wp-block-image size-large\"><img decoding=\"async\" data-id=\"440\" src=\"data:image\/gif;base64,R0lGODlhAQABAIAAAAAAAP\/\/\/yH5BAEAAAAALAAAAAABAAEAAAIBRAA7\" data-src=\"http:\/\/hostelamasra.com.tr\/wp-content\/uploads\/2024\/07\/WhatsApp-Gorsel-2023-06-26-saat-20.15.41ewr-766x1024.jpg\" alt=\"\" class=\"wp-image-440 lazyload\"\/><noscript><img decoding=\"async\" width=\"766\" height=\"1024\" data-id=\"440\" src=\"http:\/\/hostelamasra.com.tr\/wp-content\/uploads\/2024\/07\/WhatsApp-Gorsel-2023-06-26-saat-20.15.41ewr-766x1024.jpg\" alt=\"\" class=\"wp-image-440 lazyload\" srcset=\"https:\/\/hostelamasra.com.tr\/wp-content\/uploads\/2024\/07\/WhatsApp-Gorsel-2023-06-26-saat-20.15.41ewr-766x1024.jpg 766w, https:\/\/hostelamasra.com.tr\/wp-content\/uploads\/2024\/07\/WhatsApp-Gorsel-2023-06-26-saat-20.15.41ewr-224x300.jpg 224w, https:\/\/hostelamasra.com.tr\/wp-content\/uploads\/2024\/07\/WhatsApp-Gorsel-2023-06-26-saat-20.15.41ewr-768x1027.jpg 768w, https:\/\/hostelamasra.com.tr\/wp-content\/uploads\/2024\/07\/WhatsApp-Gorsel-2023-06-26-saat-20.15.41ewr-1149x1536.jpg 1149w, https:\/\/hostelamasra.com.tr\/wp-content\/uploads\/2024\/07\/WhatsApp-Gorsel-2023-06-26-saat-20.15.41ewr-9x12.jpg 9w, https:\/\/hostelamasra.com.tr\/wp-content\/uploads\/2024\/07\/WhatsApp-Gorsel-2023-06-26-saat-20.15.41ewr.jpg 1197w\" sizes=\"(max-width: 766px) 100vw, 766px\" \/><\/noscript><\/figure>\n\n\n\n<figure class=\"wp-block-image size-large\"><img decoding=\"async\" data-id=\"439\" src=\"data:image\/gif;base64,R0lGODlhAQABAIAAAAAAAP\/\/\/yH5BAEAAAAALAAAAAABAAEAAAIBRAA7\" data-src=\"http:\/\/hostelamasra.com.tr\/wp-content\/uploads\/2024\/07\/WhatsApp-Gorsel-2023-06-26-saat-20.15.42q-766x1024.jpg\" alt=\"\" class=\"wp-image-439 lazyload\"\/><noscript><img decoding=\"async\" width=\"766\" height=\"1024\" data-id=\"439\" src=\"http:\/\/hostelamasra.com.tr\/wp-content\/uploads\/2024\/07\/WhatsApp-Gorsel-2023-06-26-saat-20.15.42q-766x1024.jpg\" alt=\"\" class=\"wp-image-439 lazyload\" srcset=\"https:\/\/hostelamasra.com.tr\/wp-content\/uploads\/2024\/07\/WhatsApp-Gorsel-2023-06-26-saat-20.15.42q-766x1024.jpg 766w, https:\/\/hostelamasra.com.tr\/wp-content\/uploads\/2024\/07\/WhatsApp-Gorsel-2023-06-26-saat-20.15.42q-224x300.jpg 224w, https:\/\/hostelamasra.com.tr\/wp-content\/uploads\/2024\/07\/WhatsApp-Gorsel-2023-06-26-saat-20.15.42q-768x1027.jpg 768w, https:\/\/hostelamasra.com.tr\/wp-content\/uploads\/2024\/07\/WhatsApp-Gorsel-2023-06-26-saat-20.15.42q-1149x1536.jpg 1149w, https:\/\/hostelamasra.com.tr\/wp-content\/uploads\/2024\/07\/WhatsApp-Gorsel-2023-06-26-saat-20.15.42q-9x12.jpg 9w, https:\/\/hostelamasra.com.tr\/wp-content\/uploads\/2024\/07\/WhatsApp-Gorsel-2023-06-26-saat-20.15.42q.jpg 1197w\" sizes=\"(max-width: 766px) 100vw, 766px\" \/><\/noscript><\/figure>\n\n\n\n<figure class=\"wp-block-image size-large\"><img decoding=\"async\" data-id=\"441\" src=\"data:image\/gif;base64,R0lGODlhAQABAIAAAAAAAP\/\/\/yH5BAEAAAAALAAAAAABAAEAAAIBRAA7\" data-src=\"http:\/\/hostelamasra.com.tr\/wp-content\/uploads\/2024\/07\/WhatsApp-Gorsel-202wer3-06-26-saat-20.15.41-766x1024.jpg\" alt=\"\" class=\"wp-image-441 lazyload\"\/><noscript><img decoding=\"async\" width=\"766\" height=\"1024\" data-id=\"441\" src=\"http:\/\/hostelamasra.com.tr\/wp-content\/uploads\/2024\/07\/WhatsApp-Gorsel-202wer3-06-26-saat-20.15.41-766x1024.jpg\" alt=\"\" class=\"wp-image-441 lazyload\" srcset=\"https:\/\/hostelamasra.com.tr\/wp-content\/uploads\/2024\/07\/WhatsApp-Gorsel-202wer3-06-26-saat-20.15.41-766x1024.jpg 766w, https:\/\/hostelamasra.com.tr\/wp-content\/uploads\/2024\/07\/WhatsApp-Gorsel-202wer3-06-26-saat-20.15.41-224x300.jpg 224w, https:\/\/hostelamasra.com.tr\/wp-content\/uploads\/2024\/07\/WhatsApp-Gorsel-202wer3-06-26-saat-20.15.41-768x1027.jpg 768w, https:\/\/hostelamasra.com.tr\/wp-content\/uploads\/2024\/07\/WhatsApp-Gorsel-202wer3-06-26-saat-20.15.41-1149x1536.jpg 1149w, https:\/\/hostelamasra.com.tr\/wp-content\/uploads\/2024\/07\/WhatsApp-Gorsel-202wer3-06-26-saat-20.15.41-9x12.jpg 9w, https:\/\/hostelamasra.com.tr\/wp-content\/uploads\/2024\/07\/WhatsApp-Gorsel-202wer3-06-26-saat-20.15.41.jpg 1197w\" sizes=\"(max-width: 766px) 100vw, 766px\" \/><\/noscript><\/figure>\n\n\n\n<figure class=\"wp-block-image size-large\"><img decoding=\"async\" data-id=\"343\" src=\"data:image\/gif;base64,R0lGODlhAQABAIAAAAAAAP\/\/\/yH5BAEAAAAALAAAAAABAAEAAAIBRAA7\" data-src=\"http:\/\/hostelamasra.com.tr\/wp-content\/uploads\/2023\/06\/amasra-hostel-02-oda-397-768x1024.jpg\" alt=\"\" class=\"wp-image-343 lazyload\"\/><noscript><img decoding=\"async\" width=\"768\" height=\"1024\" data-id=\"343\" src=\"http:\/\/hostelamasra.com.tr\/wp-content\/uploads\/2023\/06\/amasra-hostel-02-oda-397-768x1024.jpg\" alt=\"\" class=\"wp-image-343 lazyload\" srcset=\"https:\/\/hostelamasra.com.tr\/wp-content\/uploads\/2023\/06\/amasra-hostel-02-oda-397-768x1024.jpg 768w, https:\/\/hostelamasra.com.tr\/wp-content\/uploads\/2023\/06\/amasra-hostel-02-oda-397-225x300.jpg 225w, https:\/\/hostelamasra.com.tr\/wp-content\/uploads\/2023\/06\/amasra-hostel-02-oda-397-1152x1536.jpg 1152w, https:\/\/hostelamasra.com.tr\/wp-content\/uploads\/2023\/06\/amasra-hostel-02-oda-397-9x12.jpg 9w, https:\/\/hostelamasra.com.tr\/wp-content\/uploads\/2023\/06\/amasra-hostel-02-oda-397.jpg 1500w\" sizes=\"(max-width: 768px) 100vw, 768px\" \/><\/noscript><figcaption class=\"wp-element-caption\">Hostel m\u0259nzilimizin giri\u015fi <\/figcaption><\/figure>\n\n\n\n<figure class=\"wp-block-image size-large\"><img decoding=\"async\" data-id=\"345\" src=\"data:image\/gif;base64,R0lGODlhAQABAIAAAAAAAP\/\/\/yH5BAEAAAAALAAAAAABAAEAAAIBRAA7\" data-src=\"http:\/\/hostelamasra.com.tr\/wp-content\/uploads\/2023\/06\/amasra-hostel-02-oda-399-768x1024.jpg\" alt=\"\" class=\"wp-image-345 lazyload\"\/><noscript><img decoding=\"async\" width=\"768\" height=\"1024\" data-id=\"345\" src=\"http:\/\/hostelamasra.com.tr\/wp-content\/uploads\/2023\/06\/amasra-hostel-02-oda-399-768x1024.jpg\" alt=\"\" class=\"wp-image-345 lazyload\" srcset=\"https:\/\/hostelamasra.com.tr\/wp-content\/uploads\/2023\/06\/amasra-hostel-02-oda-399-768x1024.jpg 768w, https:\/\/hostelamasra.com.tr\/wp-content\/uploads\/2023\/06\/amasra-hostel-02-oda-399-225x300.jpg 225w, https:\/\/hostelamasra.com.tr\/wp-content\/uploads\/2023\/06\/amasra-hostel-02-oda-399-1152x1536.jpg 1152w, https:\/\/hostelamasra.com.tr\/wp-content\/uploads\/2023\/06\/amasra-hostel-02-oda-399-9x12.jpg 9w, https:\/\/hostelamasra.com.tr\/wp-content\/uploads\/2023\/06\/amasra-hostel-02-oda-399.jpg 1500w\" sizes=\"(max-width: 768px) 100vw, 768px\" \/><\/noscript><\/figure>\n\n\n\n<figure class=\"wp-block-image size-large\"><img decoding=\"async\" data-id=\"346\" src=\"data:image\/gif;base64,R0lGODlhAQABAIAAAAAAAP\/\/\/yH5BAEAAAAALAAAAAABAAEAAAIBRAA7\" data-src=\"http:\/\/hostelamasra.com.tr\/wp-content\/uploads\/2023\/06\/amasra-hostel-02-oda-400-768x1024.jpg\" alt=\"\" class=\"wp-image-346 lazyload\"\/><noscript><img decoding=\"async\" width=\"768\" height=\"1024\" data-id=\"346\" src=\"http:\/\/hostelamasra.com.tr\/wp-content\/uploads\/2023\/06\/amasra-hostel-02-oda-400-768x1024.jpg\" alt=\"\" class=\"wp-image-346 lazyload\" srcset=\"https:\/\/hostelamasra.com.tr\/wp-content\/uploads\/2023\/06\/amasra-hostel-02-oda-400-768x1024.jpg 768w, https:\/\/hostelamasra.com.tr\/wp-content\/uploads\/2023\/06\/amasra-hostel-02-oda-400-225x300.jpg 225w, https:\/\/hostelamasra.com.tr\/wp-content\/uploads\/2023\/06\/amasra-hostel-02-oda-400-1152x1536.jpg 1152w, https:\/\/hostelamasra.com.tr\/wp-content\/uploads\/2023\/06\/amasra-hostel-02-oda-400-9x12.jpg 9w, https:\/\/hostelamasra.com.tr\/wp-content\/uploads\/2023\/06\/amasra-hostel-02-oda-400.jpg 1500w\" sizes=\"(max-width: 768px) 100vw, 768px\" \/><\/noscript><figcaption class=\"wp-element-caption\">4 n\u00f6mr\u0259li ota\u011f\u0131m\u0131z\u0131n balkonu<\/figcaption><\/figure>\n\n\n\n<figure class=\"wp-block-image size-large\"><img decoding=\"async\" data-id=\"342\" src=\"data:image\/gif;base64,R0lGODlhAQABAIAAAAAAAP\/\/\/yH5BAEAAAAALAAAAAABAAEAAAIBRAA7\" data-src=\"http:\/\/hostelamasra.com.tr\/wp-content\/uploads\/2023\/06\/amasra-hostel-02-oda-401-768x1024.jpg\" alt=\"\" class=\"wp-image-342 lazyload\"\/><noscript><img decoding=\"async\" width=\"768\" height=\"1024\" data-id=\"342\" src=\"http:\/\/hostelamasra.com.tr\/wp-content\/uploads\/2023\/06\/amasra-hostel-02-oda-401-768x1024.jpg\" alt=\"\" class=\"wp-image-342 lazyload\" srcset=\"https:\/\/hostelamasra.com.tr\/wp-content\/uploads\/2023\/06\/amasra-hostel-02-oda-401-768x1024.jpg 768w, https:\/\/hostelamasra.com.tr\/wp-content\/uploads\/2023\/06\/amasra-hostel-02-oda-401-225x300.jpg 225w, https:\/\/hostelamasra.com.tr\/wp-content\/uploads\/2023\/06\/amasra-hostel-02-oda-401-1152x1536.jpg 1152w, https:\/\/hostelamasra.com.tr\/wp-content\/uploads\/2023\/06\/amasra-hostel-02-oda-401-9x12.jpg 9w, https:\/\/hostelamasra.com.tr\/wp-content\/uploads\/2023\/06\/amasra-hostel-02-oda-401.jpg 1500w\" sizes=\"(max-width: 768px) 100vw, 768px\" \/><\/noscript><figcaption class=\"wp-element-caption\">4 n\u00f6mr\u0259li ota\u011f\u0131m\u0131z\u0131n hamam\u0131<\/figcaption><\/figure>\n\n\n\n<figure class=\"wp-block-image size-large\"><img decoding=\"async\" data-id=\"344\" src=\"data:image\/gif;base64,R0lGODlhAQABAIAAAAAAAP\/\/\/yH5BAEAAAAALAAAAAABAAEAAAIBRAA7\" data-src=\"http:\/\/hostelamasra.com.tr\/wp-content\/uploads\/2023\/06\/amasra-hostel-02-oda-402-1024x768.jpg\" alt=\"\" class=\"wp-image-344 lazyload\"\/><noscript><img decoding=\"async\" width=\"1024\" height=\"768\" data-id=\"344\" src=\"http:\/\/hostelamasra.com.tr\/wp-content\/uploads\/2023\/06\/amasra-hostel-02-oda-402-1024x768.jpg\" alt=\"\" class=\"wp-image-344 lazyload\" srcset=\"https:\/\/hostelamasra.com.tr\/wp-content\/uploads\/2023\/06\/amasra-hostel-02-oda-402-1024x768.jpg 1024w, https:\/\/hostelamasra.com.tr\/wp-content\/uploads\/2023\/06\/amasra-hostel-02-oda-402-300x225.jpg 300w, https:\/\/hostelamasra.com.tr\/wp-content\/uploads\/2023\/06\/amasra-hostel-02-oda-402-768x576.jpg 768w, https:\/\/hostelamasra.com.tr\/wp-content\/uploads\/2023\/06\/amasra-hostel-02-oda-402-1536x1152.jpg 1536w, https:\/\/hostelamasra.com.tr\/wp-content\/uploads\/2023\/06\/amasra-hostel-02-oda-402-16x12.jpg 16w, https:\/\/hostelamasra.com.tr\/wp-content\/uploads\/2023\/06\/amasra-hostel-02-oda-402.jpg 2000w\" sizes=\"(max-width: 1024px) 100vw, 1024px\" \/><\/noscript><\/figure>\n\n\n\n<figure class=\"wp-block-image size-large\"><img decoding=\"async\" data-id=\"210\" src=\"data:image\/gif;base64,R0lGODlhAQABAIAAAAAAAP\/\/\/yH5BAEAAAAALAAAAAABAAEAAAIBRAA7\" data-src=\"http:\/\/hostelamasra.com.tr\/wp-content\/uploads\/2023\/06\/amasra-hostel-oda-3-367.jpg\" alt=\"\" class=\"wp-image-210 lazyload\"\/><noscript><img decoding=\"async\" width=\"768\" height=\"1024\" data-id=\"210\" src=\"http:\/\/hostelamasra.com.tr\/wp-content\/uploads\/2023\/06\/amasra-hostel-oda-3-367.jpg\" alt=\"\" class=\"wp-image-210 lazyload\" srcset=\"https:\/\/hostelamasra.com.tr\/wp-content\/uploads\/2023\/06\/amasra-hostel-oda-3-367.jpg 768w, https:\/\/hostelamasra.com.tr\/wp-content\/uploads\/2023\/06\/amasra-hostel-oda-3-367-225x300.jpg 225w, https:\/\/hostelamasra.com.tr\/wp-content\/uploads\/2023\/06\/amasra-hostel-oda-3-367-9x12.jpg 9w\" sizes=\"(max-width: 768px) 100vw, 768px\" \/><\/noscript><figcaption class=\"wp-element-caption\">Hostelin hamam ota\u011f\u0131 04 Otaq<\/figcaption><\/figure>\n<\/figure>\n\n\n\n<h2 id=\"wp-block-themeisle-blocks-advanced-heading-a8a0c22c\" class=\"wp-block-themeisle-blocks-advanced-heading wp-block-themeisle-blocks-advanced-heading-a8a0c22c\">M\u0259kan<\/h2>\n\n\n\n<iframe class=\"lazyload\" data-src=\"https:\/\/www.google.com\/maps\/embed?pb=!1m18!1m12!1m3!1d372.10905511670234!2d32.385249863281!3d41.744844183852415!2m3!1f0!2f0!3f0!3m2!1i1024!2i768!4f13.1!3m3!1m2!1s0x409b0bc9f58b56d9%3A0x55b127e61efc0927!2sAmasra%20Hostel!5e0!3m2!1sen!2scz!4v1686612119051!5m2!1sen!2scz\" width=\"600\" height=\"450\" style=\"border:0;\" allowfullscreen=\"\" loading=\"lazy\" referrerpolicy=\"no-referrer-when-downgrade\"><\/iframe>","protected":false},"excerpt":{"rendered":"<p>Amasra \u015f\u0259h\u0259rinin m\u0259rk\u0259zind\u0259 2 n\u0259f\u0259rlik (birl\u0259\u015f\u0259 bil\u0259n, 2 t\u0259k) \u015f\u0259xsi otaq v\u0259 hamam.<\/p>","protected":false},"author":1,"featured_media":0,"parent":0,"menu_order":0,"comment_status":"closed","ping_status":"closed","template":"","meta":{"neve_meta_sidebar":"","neve_meta_container":"","neve_meta_enable_content_width":"","neve_meta_content_width":0,"neve_meta_title_alignment":"","neve_meta_author_avatar":"","neve_post_elements_order":"","neve_meta_disable_header":"","neve_meta_disable_footer":"","neve_meta_disable_title":"","neve_meta_reading_time":"","_themeisle_gutenberg_block_has_review":false,"footnotes":""},"class_list":["post-266","page","type-page","status-publish","hentry"],"_links":{"self":[{"href":"https:\/\/hostelamasra.com.tr\/az\/wp-json\/wp\/v2\/pages\/266","targetHints":{"allow":["GET"]}}],"collection":[{"href":"https:\/\/hostelamasra.com.tr\/az\/wp-json\/wp\/v2\/pages"}],"about":[{"href":"https:\/\/hostelamasra.com.tr\/az\/wp-json\/wp\/v2\/types\/page"}],"author":[{"embeddable":true,"href":"https:\/\/hostelamasra.com.tr\/az\/wp-json\/wp\/v2\/users\/1"}],"replies":[{"embeddable":true,"href":"https:\/\/hostelamasra.com.tr\/az\/wp-json\/wp\/v2\/comments?post=266"}],"version-history":[{"count":6,"href":"https:\/\/hostelamasra.com.tr\/az\/wp-json\/wp\/v2\/pages\/266\/revisions"}],"predecessor-version":[{"id":442,"href":"https:\/\/hostelamasra.com.tr\/az\/wp-json\/wp\/v2\/pages\/266\/revisions\/442"}],"wp:attachment":[{"href":"https:\/\/hostelamasra.com.tr\/az\/wp-json\/wp\/v2\/media?parent=266"}],"curies":[{"name":"wp","href":"https:\/\/api.w.org\/{rel}","templated":true}]}}