{"id":117,"date":"2020-03-03T08:20:38","date_gmt":"2020-03-03T08:20:38","guid":{"rendered":"http:\/\/hostelamasra.com.tr\/?page_id=117"},"modified":"2023-08-07T17:59:02","modified_gmt":"2023-08-07T17:59:02","slug":"odalarimiz","status":"publish","type":"page","link":"https:\/\/hostelamasra.com.tr\/az\/odalarimiz\/","title":{"rendered":"Otaqlar\u0131m\u0131z"},"content":{"rendered":"<div id=\"wp-block-themeisle-blocks-advanced-columns-a40dfd0d\" class=\"wp-block-themeisle-blocks-advanced-columns has-1-columns has-desktop-equal-layout has-tablet-equal-layout has-mobile-equal-layout has-vertical-center\"><div class=\"wp-block-themeisle-blocks-advanced-columns-overlay\"><\/div><div class=\"innerblocks-wrap\">\n<div id=\"wp-block-themeisle-blocks-advanced-column-3d34760b\" class=\"wp-block-themeisle-blocks-advanced-column\">\n<h1 id=\"wp-block-themeisle-blocks-advanced-heading-ac4fdadf\" class=\"wp-block-themeisle-blocks-advanced-heading wp-block-themeisle-blocks-advanced-heading-ac4fdadf\">Amasra Hostel M\u00fcasir Dizaynl\u0131 Otaqlar\u0131m\u0131z<\/h1>\n<\/div>\n<\/div><\/div>\n\n\n\n<div id=\"wp-block-themeisle-blocks-advanced-columns-debc81bc\" class=\"wp-block-themeisle-blocks-advanced-columns has-2-columns has-desktop-equal-layout has-tablet-equal-layout has-mobile-collapsedRows-layout has-vertical-unset\"><div class=\"wp-block-themeisle-blocks-advanced-columns-overlay\"><\/div><div class=\"innerblocks-wrap\">\n<div id=\"wp-block-themeisle-blocks-advanced-column-4ceef536\" class=\"wp-block-themeisle-blocks-advanced-column\"><div class=\"wp-block-image\">\n<figure class=\"alignleft size-large\"><img decoding=\"async\" src=\"data:image\/gif;base64,R0lGODlhAQABAIAAAAAAAP\/\/\/yH5BAEAAAAALAAAAAABAAEAAAIBRAA7\" data-src=\"http:\/\/hostelamasra.com.tr\/wp-content\/uploads\/2023\/06\/hostel-amasra-15-1024x768.jpg\" alt=\"\" class=\"wp-image-315 lazyload\"\/><noscript><img decoding=\"async\" width=\"1024\" height=\"768\" src=\"http:\/\/hostelamasra.com.tr\/wp-content\/uploads\/2023\/06\/hostel-amasra-15-1024x768.jpg\" alt=\"\" class=\"wp-image-315 lazyload\" srcset=\"https:\/\/hostelamasra.com.tr\/wp-content\/uploads\/2023\/06\/hostel-amasra-15-1024x768.jpg 1024w, https:\/\/hostelamasra.com.tr\/wp-content\/uploads\/2023\/06\/hostel-amasra-15-300x225.jpg 300w, https:\/\/hostelamasra.com.tr\/wp-content\/uploads\/2023\/06\/hostel-amasra-15-768x576.jpg 768w, https:\/\/hostelamasra.com.tr\/wp-content\/uploads\/2023\/06\/hostel-amasra-15-1536x1152.jpg 1536w, https:\/\/hostelamasra.com.tr\/wp-content\/uploads\/2023\/06\/hostel-amasra-15-16x12.jpg 16w, https:\/\/hostelamasra.com.tr\/wp-content\/uploads\/2023\/06\/hostel-amasra-15.jpg 2000w\" sizes=\"(max-width: 1024px) 100vw, 1024px\" \/><\/noscript><\/figure><\/div>\n\n\n<span id=\"wp-block-themeisle-blocks-advanced-heading-5c9f509c\" class=\"wp-block-themeisle-blocks-advanced-heading wp-block-themeisle-blocks-advanced-heading-5c9f509c\">Balkonlu M\u00fcasir Otaq<\/span>\n\n\n\n<div class=\"wp-block-group is-vertical is-layout-flex wp-container-core-group-is-layout-8cf370e7 wp-block-group-is-layout-flex\">\n<h3 id=\"wp-block-themeisle-blocks-advanced-heading-60064868\" class=\"wp-block-themeisle-blocks-advanced-heading wp-block-themeisle-blocks-advanced-heading-60064868\"><a href=\"http:\/\/hostelamasra.com.tr\/01-oda\/\" data-type=\"URL\" data-id=\"http:\/\/hostelamasra.com.tr\/01-oda\/\">Otaq 1 <\/a><\/h3>\n\n\n\n<p class=\"has-text-align-center\">M\u00fcasir dizaynl\u0131 3 n\u0259f\u0259rlik otaq, 1 t\u0259k v\u0259 1 ikin\u0259f\u0259rlik \u00e7arpay\u0131, balkon, kondisioner, \u00e7ay v\u0259 q\u0259hv\u0259 d\u0259sti.<\/p>\n\n\n\n<div id=\"wp-block-themeisle-blocks-button-group-cf850147\" class=\"wp-block-themeisle-blocks-button-group wp-block-buttons align-center\">\n<div id=\"wp-block-themeisle-blocks-button-73b0d8ee\" class=\"wp-block-themeisle-blocks-button wp-block-button\"><a href=\"http:\/\/hostelamasra.com.tr\/01-oda\/\" target=\"_self\" rel=\"noopener noreferrer\" class=\"wp-block-button__link\"><span>Otaq t\u0259f\u0259rr\u00fcat\u0131<\/span><\/a><\/div>\n<\/div>\n<\/div>\n<\/div>\n\n\n\n<div id=\"wp-block-themeisle-blocks-advanced-column-f5bd0d3c\" class=\"wp-block-themeisle-blocks-advanced-column\"><div class=\"wp-block-image\">\n<figure class=\"alignleft size-large\"><img decoding=\"async\" src=\"data:image\/gif;base64,R0lGODlhAQABAIAAAAAAAP\/\/\/yH5BAEAAAAALAAAAAABAAEAAAIBRAA7\" data-src=\"http:\/\/hostelamasra.com.tr\/wp-content\/uploads\/2023\/06\/amasra-hotel-hostel-2-no-oda-5-1024x768.jpg\" alt=\"\" class=\"wp-image-328 lazyload\"\/><noscript><img decoding=\"async\" width=\"1024\" height=\"768\" src=\"http:\/\/hostelamasra.com.tr\/wp-content\/uploads\/2023\/06\/amasra-hotel-hostel-2-no-oda-5-1024x768.jpg\" alt=\"\" class=\"wp-image-328 lazyload\" srcset=\"https:\/\/hostelamasra.com.tr\/wp-content\/uploads\/2023\/06\/amasra-hotel-hostel-2-no-oda-5-1024x768.jpg 1024w, https:\/\/hostelamasra.com.tr\/wp-content\/uploads\/2023\/06\/amasra-hotel-hostel-2-no-oda-5-300x225.jpg 300w, https:\/\/hostelamasra.com.tr\/wp-content\/uploads\/2023\/06\/amasra-hotel-hostel-2-no-oda-5-768x576.jpg 768w, https:\/\/hostelamasra.com.tr\/wp-content\/uploads\/2023\/06\/amasra-hotel-hostel-2-no-oda-5-1536x1152.jpg 1536w, https:\/\/hostelamasra.com.tr\/wp-content\/uploads\/2023\/06\/amasra-hotel-hostel-2-no-oda-5-16x12.jpg 16w, https:\/\/hostelamasra.com.tr\/wp-content\/uploads\/2023\/06\/amasra-hotel-hostel-2-no-oda-5.jpg 2000w\" sizes=\"(max-width: 1024px) 100vw, 1024px\" \/><\/noscript><\/figure><\/div>\n\n\n<span id=\"wp-block-themeisle-blocks-advanced-heading-585277de\" class=\"wp-block-themeisle-blocks-advanced-heading wp-block-themeisle-blocks-advanced-heading-585277de\">Balkonlu M\u00fcasir Otaq<\/span>\n\n\n\n<div class=\"wp-block-group is-vertical is-layout-flex wp-container-core-group-is-layout-8cf370e7 wp-block-group-is-layout-flex\">\n<h3 id=\"wp-block-themeisle-blocks-advanced-heading-101d691b\" class=\"wp-block-themeisle-blocks-advanced-heading wp-block-themeisle-blocks-advanced-heading-101d691b\"><a href=\"http:\/\/hostelamasra.com.tr\/02-oda\/\" data-type=\"URL\" data-id=\"http:\/\/hostelamasra.com.tr\/02-oda\/\">2. Otaq<\/a><\/h3>\n\n\n\n<p class=\"has-text-align-center\">Balkon, kondisioner, \u00e7ay v\u0259 q\u0259hv\u0259 d\u0259sti il\u0259 m\u00fcasir dizaynl\u0131 2 n\u0259f\u0259rlik otaq.<\/p>\n\n\n\n<div id=\"wp-block-themeisle-blocks-button-group-ecd79c24\" class=\"wp-block-themeisle-blocks-button-group wp-block-buttons align-center\">\n<div id=\"wp-block-themeisle-blocks-button-b555c5e5\" class=\"wp-block-themeisle-blocks-button wp-block-button\"><a href=\"http:\/\/hostelamasra.com.tr\/02-oda\/\" target=\"_self\" rel=\"noopener noreferrer\" class=\"wp-block-button__link\"><span>Otaq t\u0259f\u0259rr\u00fcat\u0131<\/span><\/a><\/div>\n<\/div>\n<\/div>\n<\/div>\n<\/div><\/div>\n\n\n\n<div id=\"wp-block-themeisle-blocks-advanced-columns-e37df92c\" class=\"wp-block-themeisle-blocks-advanced-columns has-2-columns has-desktop-equal-layout has-tablet-equal-layout has-mobile-collapsedRows-layout has-vertical-unset\"><div class=\"wp-block-themeisle-blocks-advanced-columns-overlay\"><\/div><div class=\"innerblocks-wrap\">\n<div id=\"wp-block-themeisle-blocks-advanced-column-b3eea204\" class=\"wp-block-themeisle-blocks-advanced-column\">\n<div class=\"wp-block-group is-vertical is-layout-flex wp-container-core-group-is-layout-8cf370e7 wp-block-group-is-layout-flex\">\n<div class=\"wp-block-group is-vertical is-layout-flex wp-container-core-group-is-layout-8cf370e7 wp-block-group-is-layout-flex\">\n<figure class=\"wp-block-image size-large\"><img decoding=\"async\" src=\"data:image\/gif;base64,R0lGODlhAQABAIAAAAAAAP\/\/\/yH5BAEAAAAALAAAAAABAAEAAAIBRAA7\" data-src=\"http:\/\/hostelamasra.com.tr\/wp-content\/uploads\/2023\/06\/amasra-hostel-oda-NO3-5-1024x768.jpg\" alt=\"\" class=\"wp-image-330 lazyload\"\/><noscript><img decoding=\"async\" width=\"1024\" height=\"768\" src=\"http:\/\/hostelamasra.com.tr\/wp-content\/uploads\/2023\/06\/amasra-hostel-oda-NO3-5-1024x768.jpg\" alt=\"\" class=\"wp-image-330 lazyload\" srcset=\"https:\/\/hostelamasra.com.tr\/wp-content\/uploads\/2023\/06\/amasra-hostel-oda-NO3-5-1024x768.jpg 1024w, https:\/\/hostelamasra.com.tr\/wp-content\/uploads\/2023\/06\/amasra-hostel-oda-NO3-5-300x225.jpg 300w, https:\/\/hostelamasra.com.tr\/wp-content\/uploads\/2023\/06\/amasra-hostel-oda-NO3-5-768x576.jpg 768w, https:\/\/hostelamasra.com.tr\/wp-content\/uploads\/2023\/06\/amasra-hostel-oda-NO3-5-1536x1152.jpg 1536w, https:\/\/hostelamasra.com.tr\/wp-content\/uploads\/2023\/06\/amasra-hostel-oda-NO3-5-16x12.jpg 16w, https:\/\/hostelamasra.com.tr\/wp-content\/uploads\/2023\/06\/amasra-hostel-oda-NO3-5.jpg 2000w\" sizes=\"(max-width: 1024px) 100vw, 1024px\" \/><\/noscript><\/figure>\n\n\n\n<span id=\"wp-block-themeisle-blocks-advanced-heading-2dd8d653\" class=\"wp-block-themeisle-blocks-advanced-heading wp-block-themeisle-blocks-advanced-heading-2dd8d653\">Minimalist\/M\u00fcasir balkonsuz,<\/span>\n\n\n\n<h3 id=\"wp-block-themeisle-blocks-advanced-heading-68480673\" class=\"wp-block-themeisle-blocks-advanced-heading wp-block-themeisle-blocks-advanced-heading-68480673\"><a href=\"http:\/\/hostelamasra.com.tr\/03-oda\/\" data-type=\"URL\" data-id=\"http:\/\/hostelamasra.com.tr\/03-oda\/\">3. Ota\u011f\u0131m\u0131z<\/a><\/h3>\n\n\n\n<p class=\"has-text-align-center\">2 n\u0259f\u0259rlik kondisionerli otaq v\u0259 hamam<\/p>\n<\/div>\n\n\n\n<div id=\"wp-block-themeisle-blocks-button-group-6cdccbd1\" class=\"wp-block-themeisle-blocks-button-group wp-block-buttons align-center\">\n<div id=\"wp-block-themeisle-blocks-button-0a9ad848\" class=\"wp-block-themeisle-blocks-button wp-block-button\"><a target=\"_self\" rel=\"noopener noreferrer\" class=\"wp-block-button__link\"><span>Otaq t\u0259f\u0259rr\u00fcat\u0131<\/span><\/a><\/div>\n<\/div>\n<\/div>\n<\/div>\n\n\n\n<div id=\"wp-block-themeisle-blocks-advanced-column-1a90646d\" class=\"wp-block-themeisle-blocks-advanced-column\">\n<div class=\"wp-block-group is-vertical is-content-justification-right is-layout-flex wp-container-core-group-is-layout-b6c475e2 wp-block-group-is-layout-flex\">\n<div class=\"wp-block-group\"><div class=\"wp-block-group__inner-container is-layout-constrained wp-block-group-is-layout-constrained\">\n<div class=\"wp-block-group is-vertical is-layout-flex wp-container-core-group-is-layout-8cf370e7 wp-block-group-is-layout-flex\">\n<figure class=\"wp-block-image size-large is-resized\"><a href=\"http:\/\/hostelamasra.com.tr\/04-oda\/\"><img decoding=\"async\" src=\"data:image\/gif;base64,R0lGODlhAQABAIAAAAAAAP\/\/\/yH5BAEAAAAALAAAAAABAAEAAAIBRAA7\" data-src=\"http:\/\/hostelamasra.com.tr\/wp-content\/uploads\/2023\/06\/amasra-hostel-oda-4-373-1024x768.jpg\" alt=\"\" class=\"wp-image-208 lazyload\" width=\"511\" height=\"382\"\/><noscript><img decoding=\"async\" src=\"http:\/\/hostelamasra.com.tr\/wp-content\/uploads\/2023\/06\/amasra-hostel-oda-4-373-1024x768.jpg\" alt=\"\" class=\"wp-image-208 lazyload\" width=\"511\" height=\"382\" srcset=\"https:\/\/hostelamasra.com.tr\/wp-content\/uploads\/2023\/06\/amasra-hostel-oda-4-373-1024x768.jpg 1024w, https:\/\/hostelamasra.com.tr\/wp-content\/uploads\/2023\/06\/amasra-hostel-oda-4-373-300x225.jpg 300w, https:\/\/hostelamasra.com.tr\/wp-content\/uploads\/2023\/06\/amasra-hostel-oda-4-373-768x576.jpg 768w, https:\/\/hostelamasra.com.tr\/wp-content\/uploads\/2023\/06\/amasra-hostel-oda-4-373-1536x1152.jpg 1536w, https:\/\/hostelamasra.com.tr\/wp-content\/uploads\/2023\/06\/amasra-hostel-oda-4-373-16x12.jpg 16w, https:\/\/hostelamasra.com.tr\/wp-content\/uploads\/2023\/06\/amasra-hostel-oda-4-373.jpg 1600w\" sizes=\"(max-width: 511px) 100vw, 511px\" \/><\/noscript><\/a><\/figure>\n\n\n\n<span id=\"wp-block-themeisle-blocks-advanced-heading-27753821\" class=\"wp-block-themeisle-blocks-advanced-heading wp-block-themeisle-blocks-advanced-heading-27753821\">balkonlu<\/span>\n\n\n\n<h3 id=\"wp-block-themeisle-blocks-advanced-heading-c47faa24\" class=\"wp-block-themeisle-blocks-advanced-heading wp-block-themeisle-blocks-advanced-heading-c47faa24\"><a href=\"http:\/\/hostelamasra.com.tr\/04-oda\/\" data-type=\"URL\" data-id=\"http:\/\/hostelamasra.com.tr\/04-oda\/\">4. Ota\u011f\u0131m\u0131z<\/a><\/h3>\n\n\n\n<p class=\"has-text-align-center\">\u0130ki n\u0259f\u0259rlik ota\u011f\u0131m\u0131z<\/p>\n\n\n\n<div class=\"wp-block-buttons is-layout-flex wp-block-buttons-is-layout-flex\"><\/div>\n<\/div>\n<\/div><\/div>\n<\/div>\n<\/div>\n<\/div><\/div>\n\n\n\n<div id=\"wp-block-themeisle-blocks-advanced-columns-85670ef5\" class=\"wp-block-themeisle-blocks-advanced-columns has-1-columns has-desktop-equal-layout has-tablet-equal-layout has-mobile-equal-layout has-vertical-unset\"><div class=\"wp-block-themeisle-blocks-advanced-columns-overlay\"><\/div><div class=\"innerblocks-wrap\">\n<div id=\"wp-block-themeisle-blocks-advanced-column-cf9d50db\" class=\"wp-block-themeisle-blocks-advanced-column has-light-bg\">\n<span id=\"wp-block-themeisle-blocks-advanced-heading-364e26a9\" class=\"wp-block-themeisle-blocks-advanced-heading wp-block-themeisle-blocks-advanced-heading-364e26a9\">M\u00fcasir otaqlar - Amasra \u015e\u0259h\u0259r M\u0259rk\u0259zi<\/span>\n\n\n\n<h2 id=\"wp-block-themeisle-blocks-advanced-heading-3eacd0ae\" class=\"wp-block-themeisle-blocks-advanced-heading wp-block-themeisle-blocks-advanced-heading-3eacd0ae\">\u018ftrafl\u0131 m\u0259lumat v\u0259 rezervasiya \u00fc\u00e7\u00fcn<\/h2>\n\n\n\n<div id=\"wp-block-themeisle-blocks-button-group-5be43436\" class=\"wp-block-themeisle-blocks-button-group wp-block-buttons align-center\">\n<div id=\"wp-block-themeisle-blocks-button-52dc9feb\" class=\"wp-block-themeisle-blocks-button wp-block-button\"><a target=\"_self\" rel=\"noopener noreferrer\" class=\"wp-block-button__link\"><span><a href=\"tel:+90 850 3097638\">+90 850 3097638<\/a><\/span><\/a><\/div>\n<\/div>\n<\/div>\n<\/div><\/div>","protected":false},"excerpt":{"rendered":"","protected":false},"author":1,"featured_media":0,"parent":0,"menu_order":0,"comment_status":"closed","ping_status":"closed","template":"page-templates\/template-pagebuilder-full-width.php","meta":{"neve_meta_sidebar":"full-width","neve_meta_container":"","neve_meta_enable_content_width":"on","neve_meta_content_width":100,"neve_meta_title_alignment":"","neve_meta_author_avatar":"","neve_post_elements_order":"","neve_meta_disable_header":"","neve_meta_disable_footer":"","neve_meta_disable_title":"","neve_meta_reading_time":"","_themeisle_gutenberg_block_has_review":false,"footnotes":""},"class_list":["post-117","page","type-page","status-publish","hentry"],"_links":{"self":[{"href":"https:\/\/hostelamasra.com.tr\/az\/wp-json\/wp\/v2\/pages\/117","targetHints":{"allow":["GET"]}}],"collection":[{"href":"https:\/\/hostelamasra.com.tr\/az\/wp-json\/wp\/v2\/pages"}],"about":[{"href":"https:\/\/hostelamasra.com.tr\/az\/wp-json\/wp\/v2\/types\/page"}],"author":[{"embeddable":true,"href":"https:\/\/hostelamasra.com.tr\/az\/wp-json\/wp\/v2\/users\/1"}],"replies":[{"embeddable":true,"href":"https:\/\/hostelamasra.com.tr\/az\/wp-json\/wp\/v2\/comments?post=117"}],"version-history":[{"count":15,"href":"https:\/\/hostelamasra.com.tr\/az\/wp-json\/wp\/v2\/pages\/117\/revisions"}],"predecessor-version":[{"id":384,"href":"https:\/\/hostelamasra.com.tr\/az\/wp-json\/wp\/v2\/pages\/117\/revisions\/384"}],"wp:attachment":[{"href":"https:\/\/hostelamasra.com.tr\/az\/wp-json\/wp\/v2\/media?parent=117"}],"curies":[{"name":"wp","href":"https:\/\/api.w.org\/{rel}","templated":true}]}}