{"id":101,"date":"2020-03-02T12:10:49","date_gmt":"2020-03-02T12:10:49","guid":{"rendered":"http:\/\/hostelamasra.com.tr\/?page_id=101"},"modified":"2025-12-01T21:59:30","modified_gmt":"2025-12-01T21:59:30","slug":"home","status":"publish","type":"page","link":"https:\/\/hostelamasra.com.tr\/az\/","title":{"rendered":"Hostel Amasra"},"content":{"rendered":"<div id=\"wp-block-themeisle-blocks-advanced-columns-b352bb71\" class=\"wp-block-themeisle-blocks-advanced-columns has-2-columns has-desktop-equal-layout has-tablet-equal-layout has-mobile-collapsedRows-layout has-vertical-unset has-light-bg\"><div class=\"wp-block-themeisle-blocks-advanced-columns-overlay\"><\/div><div class=\"innerblocks-wrap\">\n<div id=\"wp-block-themeisle-blocks-advanced-column-57046804\" class=\"wp-block-themeisle-blocks-advanced-column\">\n<figure class=\"wp-block-image size-large\"><img decoding=\"async\" src=\"data:image\/gif;base64,R0lGODlhAQABAIAAAAAAAP\/\/\/yH5BAEAAAAALAAAAAABAAEAAAIBRAA7\" data-src=\"http:\/\/hostelamasra.com.tr\/wp-content\/uploads\/2023\/06\/amasra-hostel-konumu-adres-iletisim-1024x637.jpg\" alt=\"\" class=\"wp-image-218 lazyload\"\/><noscript><img decoding=\"async\" width=\"1024\" height=\"637\" src=\"http:\/\/hostelamasra.com.tr\/wp-content\/uploads\/2023\/06\/amasra-hostel-konumu-adres-iletisim-1024x637.jpg\" alt=\"\" class=\"wp-image-218 lazyload\" srcset=\"https:\/\/hostelamasra.com.tr\/wp-content\/uploads\/2023\/06\/amasra-hostel-konumu-adres-iletisim-1024x637.jpg 1024w, https:\/\/hostelamasra.com.tr\/wp-content\/uploads\/2023\/06\/amasra-hostel-konumu-adres-iletisim-300x187.jpg 300w, https:\/\/hostelamasra.com.tr\/wp-content\/uploads\/2023\/06\/amasra-hostel-konumu-adres-iletisim-768x478.jpg 768w, https:\/\/hostelamasra.com.tr\/wp-content\/uploads\/2023\/06\/amasra-hostel-konumu-adres-iletisim-1536x956.jpg 1536w, https:\/\/hostelamasra.com.tr\/wp-content\/uploads\/2023\/06\/amasra-hostel-konumu-adres-iletisim-2048x1275.jpg 2048w, https:\/\/hostelamasra.com.tr\/wp-content\/uploads\/2023\/06\/amasra-hostel-konumu-adres-iletisim-18x12.jpg 18w\" sizes=\"(max-width: 1024px) 100vw, 1024px\" \/><\/noscript><\/figure>\n<\/div>\n\n\n\n<div id=\"wp-block-themeisle-blocks-advanced-column-32a9395b\" class=\"wp-block-themeisle-blocks-advanced-column\">\n<span id=\"wp-block-themeisle-blocks-advanced-heading-c2e1fec8\" class=\"wp-block-themeisle-blocks-advanced-heading wp-block-themeisle-blocks-advanced-heading-c2e1fec8\"><\/span>\n\n\n\n<h2 id=\"wp-block-themeisle-blocks-advanced-heading-b1fcdb5b\" class=\"wp-block-themeisle-blocks-advanced-heading wp-block-themeisle-blocks-advanced-heading-b1fcdb5b\">Amasra \u015f\u0259h\u0259rinin m\u0259rk\u0259zind\u0259, <strong>m\u00fcasir dizaynla<\/strong>4 kondisionerli otaq<\/h2>\n\n\n\n<p>Amasra \u015fehir merkezinde yer alan Hostel Amasra, gezgin \u00e7iftlere, ailelerden k\u00fc\u00e7\u00fck gruplara kadar herkese uygun<strong>modern ve klimal\u0131<\/strong> odalar\u00a0sunar.<br>Tesis tamamen yenilenmi\u015f olup\u00a0<strong>temiz, g\u00fcvenli ve d\u00fczenli bir konaklama deneyimi<\/strong>\u00a0sa\u011flar.<br>Plaja, limana, restoranlara ve t\u00fcm merkezi noktalara\u00a0<strong>y\u00fcr\u00fcy\u00fc\u015f mesafesindedir<\/strong>.<\/p>\n<\/div>\n<\/div><\/div>\n\n\n\n<div id=\"wp-block-themeisle-blocks-advanced-columns-5bff89fd\" class=\"wp-block-themeisle-blocks-advanced-columns has-4-columns has-desktop-equal-layout has-tablet-equal-layout has-mobile-collapsedRows-layout has-vertical-unset has-light-bg\"><div class=\"wp-block-themeisle-blocks-advanced-columns-overlay\"><\/div><div class=\"innerblocks-wrap\">\n<div id=\"wp-block-themeisle-blocks-advanced-column-eba37343\" class=\"wp-block-themeisle-blocks-advanced-column\">\n<figure class=\"wp-block-image size-large is-resized\"><img decoding=\"async\" src=\"data:image\/gif;base64,R0lGODlhAQABAIAAAAAAAP\/\/\/yH5BAEAAAAALAAAAAABAAEAAAIBRAA7\" data-src=\"http:\/\/hostelamasra.com.tr\/wp-content\/uploads\/2024\/08\/9O7A0403-1024x683.jpg\" alt=\"\" class=\"wp-image-453 lazyload\" style=\"width:259px;height:auto\"\/><noscript><img decoding=\"async\" width=\"1024\" height=\"683\" src=\"http:\/\/hostelamasra.com.tr\/wp-content\/uploads\/2024\/08\/9O7A0403-1024x683.jpg\" alt=\"\" class=\"wp-image-453 lazyload\" style=\"width:259px;height:auto\" srcset=\"https:\/\/hostelamasra.com.tr\/wp-content\/uploads\/2024\/08\/9O7A0403-1024x683.jpg 1024w, https:\/\/hostelamasra.com.tr\/wp-content\/uploads\/2024\/08\/9O7A0403-300x200.jpg 300w, https:\/\/hostelamasra.com.tr\/wp-content\/uploads\/2024\/08\/9O7A0403-768x512.jpg 768w, https:\/\/hostelamasra.com.tr\/wp-content\/uploads\/2024\/08\/9O7A0403-1536x1024.jpg 1536w, https:\/\/hostelamasra.com.tr\/wp-content\/uploads\/2024\/08\/9O7A0403-2048x1365.jpg 2048w, https:\/\/hostelamasra.com.tr\/wp-content\/uploads\/2024\/08\/9O7A0403-18x12.jpg 18w, https:\/\/hostelamasra.com.tr\/wp-content\/uploads\/2024\/08\/9O7A0403-930x620.jpg 930w\" sizes=\"(max-width: 1024px) 100vw, 1024px\" \/><\/noscript><figcaption class=\"wp-element-caption\">01 <strong>m\u0259tb\u0259x il\u0259<\/strong> iki n\u0259f\u0259rlik otaq v\u0259 hamam<\/figcaption><\/figure>\n<\/div>\n\n\n\n<div id=\"wp-block-themeisle-blocks-advanced-column-17cec4b4\" class=\"wp-block-themeisle-blocks-advanced-column\">\n<figure class=\"wp-block-image size-large\"><img decoding=\"async\" src=\"data:image\/gif;base64,R0lGODlhAQABAIAAAAAAAP\/\/\/yH5BAEAAAAALAAAAAABAAEAAAIBRAA7\" data-src=\"http:\/\/hostelamasra.com.tr\/wp-content\/uploads\/2023\/06\/amasra-hotel-hostel-2-no-oda-5-1024x768.jpg\" alt=\"\" class=\"wp-image-328 lazyload\"\/><noscript><img decoding=\"async\" width=\"1024\" height=\"768\" src=\"http:\/\/hostelamasra.com.tr\/wp-content\/uploads\/2023\/06\/amasra-hotel-hostel-2-no-oda-5-1024x768.jpg\" alt=\"\" class=\"wp-image-328 lazyload\" srcset=\"https:\/\/hostelamasra.com.tr\/wp-content\/uploads\/2023\/06\/amasra-hotel-hostel-2-no-oda-5-1024x768.jpg 1024w, https:\/\/hostelamasra.com.tr\/wp-content\/uploads\/2023\/06\/amasra-hotel-hostel-2-no-oda-5-300x225.jpg 300w, https:\/\/hostelamasra.com.tr\/wp-content\/uploads\/2023\/06\/amasra-hotel-hostel-2-no-oda-5-768x576.jpg 768w, https:\/\/hostelamasra.com.tr\/wp-content\/uploads\/2023\/06\/amasra-hotel-hostel-2-no-oda-5-1536x1152.jpg 1536w, https:\/\/hostelamasra.com.tr\/wp-content\/uploads\/2023\/06\/amasra-hotel-hostel-2-no-oda-5-16x12.jpg 16w, https:\/\/hostelamasra.com.tr\/wp-content\/uploads\/2023\/06\/amasra-hotel-hostel-2-no-oda-5.jpg 2000w\" sizes=\"(max-width: 1024px) 100vw, 1024px\" \/><\/noscript><figcaption class=\"wp-element-caption\">02 <strong>M\u00fcasir otaq<\/strong> &amp; <strong>Hamam <\/strong>&amp; <strong>Romantik Balkon<\/strong>(2 n\u0259f\u0259r \u00fc\u00e7\u00fcn)<\/figcaption><\/figure>\n<\/div>\n\n\n\n<div id=\"wp-block-themeisle-blocks-advanced-column-690d3620\" class=\"wp-block-themeisle-blocks-advanced-column\">\n<figure class=\"wp-block-image size-large\"><img decoding=\"async\" src=\"data:image\/gif;base64,R0lGODlhAQABAIAAAAAAAP\/\/\/yH5BAEAAAAALAAAAAABAAEAAAIBRAA7\" data-src=\"http:\/\/hostelamasra.com.tr\/wp-content\/uploads\/2023\/06\/amasra-hostel-oda-NO3-5-1024x768.jpg\" alt=\"\" class=\"wp-image-330 lazyload\"\/><noscript><img decoding=\"async\" width=\"1024\" height=\"768\" src=\"http:\/\/hostelamasra.com.tr\/wp-content\/uploads\/2023\/06\/amasra-hostel-oda-NO3-5-1024x768.jpg\" alt=\"\" class=\"wp-image-330 lazyload\" srcset=\"https:\/\/hostelamasra.com.tr\/wp-content\/uploads\/2023\/06\/amasra-hostel-oda-NO3-5-1024x768.jpg 1024w, https:\/\/hostelamasra.com.tr\/wp-content\/uploads\/2023\/06\/amasra-hostel-oda-NO3-5-300x225.jpg 300w, https:\/\/hostelamasra.com.tr\/wp-content\/uploads\/2023\/06\/amasra-hostel-oda-NO3-5-768x576.jpg 768w, https:\/\/hostelamasra.com.tr\/wp-content\/uploads\/2023\/06\/amasra-hostel-oda-NO3-5-1536x1152.jpg 1536w, https:\/\/hostelamasra.com.tr\/wp-content\/uploads\/2023\/06\/amasra-hostel-oda-NO3-5-16x12.jpg 16w, https:\/\/hostelamasra.com.tr\/wp-content\/uploads\/2023\/06\/amasra-hostel-oda-NO3-5.jpg 2000w\" sizes=\"(max-width: 1024px) 100vw, 1024px\" \/><\/noscript><figcaption class=\"wp-element-caption\">03 <strong>M\u00fcasir otaq<\/strong> &amp; <strong>Hamam <\/strong>&amp;<strong> <\/strong>(2 n\u0259f\u0259r \u00fc\u00e7\u00fcn), d\u0259bd\u0259b\u0259li v\u0259 s\u0259rf\u0259li<\/figcaption><\/figure>\n<\/div>\n\n\n\n<div id=\"wp-block-themeisle-blocks-advanced-column-f35ee356\" class=\"wp-block-themeisle-blocks-advanced-column\">\n<figure class=\"wp-block-image size-large\"><a href=\"http:\/\/hostelamasra.com.tr\/04-oda\/\"><img decoding=\"async\" src=\"data:image\/gif;base64,R0lGODlhAQABAIAAAAAAAP\/\/\/yH5BAEAAAAALAAAAAABAAEAAAIBRAA7\" data-src=\"http:\/\/hostelamasra.com.tr\/wp-content\/uploads\/2023\/06\/amasra-hostel-oda-4-373-1024x768.jpg\" alt=\"\" class=\"wp-image-208 lazyload\"\/><noscript><img decoding=\"async\" width=\"1024\" height=\"768\" src=\"http:\/\/hostelamasra.com.tr\/wp-content\/uploads\/2023\/06\/amasra-hostel-oda-4-373-1024x768.jpg\" alt=\"\" class=\"wp-image-208 lazyload\" srcset=\"https:\/\/hostelamasra.com.tr\/wp-content\/uploads\/2023\/06\/amasra-hostel-oda-4-373-1024x768.jpg 1024w, https:\/\/hostelamasra.com.tr\/wp-content\/uploads\/2023\/06\/amasra-hostel-oda-4-373-300x225.jpg 300w, https:\/\/hostelamasra.com.tr\/wp-content\/uploads\/2023\/06\/amasra-hostel-oda-4-373-768x576.jpg 768w, https:\/\/hostelamasra.com.tr\/wp-content\/uploads\/2023\/06\/amasra-hostel-oda-4-373-1536x1152.jpg 1536w, https:\/\/hostelamasra.com.tr\/wp-content\/uploads\/2023\/06\/amasra-hostel-oda-4-373-16x12.jpg 16w, https:\/\/hostelamasra.com.tr\/wp-content\/uploads\/2023\/06\/amasra-hostel-oda-4-373.jpg 1600w\" sizes=\"(max-width: 1024px) 100vw, 1024px\" \/><\/noscript><\/a><figcaption class=\"wp-element-caption\">04 <strong>M\u00fcasir otaq<\/strong> &amp; <strong>Hamam <\/strong>&amp; <strong>Klassik Balkon<\/strong> (2 n\u0259f\u0259r \u00fc\u00e7\u00fcn)<\/figcaption><\/figure>\n<\/div>\n<\/div><\/div>\n\n\n\n<div id=\"wp-block-themeisle-blocks-advanced-columns-7399b417\" class=\"wp-block-themeisle-blocks-advanced-columns has-2-columns has-desktop-twoOne-layout has-tablet-equal-layout has-mobile-collapsedRows-layout has-vertical-unset\"><div class=\"wp-block-themeisle-blocks-advanced-columns-overlay\"><\/div><div class=\"innerblocks-wrap\">\n<div id=\"wp-block-themeisle-blocks-advanced-column-273a5052\" class=\"wp-block-themeisle-blocks-advanced-column\"><\/div>\n\n\n\n<div id=\"wp-block-themeisle-blocks-advanced-column-e8b96ebc\" class=\"wp-block-themeisle-blocks-advanced-column\"><\/div>\n<\/div><\/div>\n\n\n\n<div id=\"wp-block-themeisle-blocks-advanced-columns-244b41f3\" class=\"wp-block-themeisle-blocks-advanced-columns has-3-columns has-desktop-equal-layout has-tablet-equal-layout has-mobile-collapsedRows-layout has-vertical-unset has-dark-bg\"><div class=\"wp-block-themeisle-blocks-advanced-columns-overlay\"><\/div><div class=\"innerblocks-wrap\">\n<div id=\"wp-block-themeisle-blocks-advanced-column-c296e697\" class=\"wp-block-themeisle-blocks-advanced-column\">\n<div id=\"wp-block-themeisle-blocks-font-awesome-icons-6c954d1d\" class=\"wp-block-themeisle-blocks-font-awesome-icons\"><span class=\"wp-block-themeisle-blocks-font-awesome-icons-container\"><i class=\"fas fa-feather-alt\"><\/i><\/span><\/div>\n\n\n\n<h3 id=\"wp-block-themeisle-blocks-advanced-heading-f861140c\" class=\"wp-block-themeisle-blocks-advanced-heading wp-block-themeisle-blocks-advanced-heading-f861140c\">Kondisionerli, Geni\u015f v\u0259 <strong>B<\/strong>alkan <\/h3>\n\n\n\n<p class=\"has-white-color has-text-color has-medium-font-size\" style=\"letter-spacing:3px\">1 otaqda qaba\u011fa <\/p>\n\n\n\n<p class=\"has-white-color has-text-color has-medium-font-size\" style=\"letter-spacing:3px\">F\u0259rqli otaqlar\u0131m\u0131z\u0131n \u00fc\u00e7\u00fcn\u00fcn b\u00f6y\u00fck balkonu var. 1 Ota\u011f\u0131n balkonu arxa t\u0259r\u0259f\u0259 bax\u0131r.<br><\/p>\n<\/div>\n\n\n\n<div id=\"wp-block-themeisle-blocks-advanced-column-d9da7607\" class=\"wp-block-themeisle-blocks-advanced-column\">\n<div class=\"wp-block-group\"><div class=\"wp-block-group__inner-container is-layout-constrained wp-block-group-is-layout-constrained\">\n<div id=\"wp-block-themeisle-blocks-font-awesome-icons-42fc8aab\" class=\"wp-block-themeisle-blocks-font-awesome-icons\"><span class=\"wp-block-themeisle-blocks-font-awesome-icons-container\"><i class=\"fas fa-umbrella-beach\"><\/i><\/span><\/div>\n\n\n\n<h3 id=\"wp-block-themeisle-blocks-advanced-heading-eb33877f\" class=\"wp-block-themeisle-blocks-advanced-heading wp-block-themeisle-blocks-advanced-heading-eb33877f\">\u00c7im\u0259rlikd\u0259n 200 m<\/h3>\n\n\n\n<p class=\"has-text-align-left has-white-color has-text-color\" style=\"letter-spacing:4px;text-decoration:none;text-transform:none\">Tarixd\u0259n, D\u0259nizd\u0259n v\u0259 T\u0259bi\u0259td\u0259n h\u0259zz al\u0131n <\/p>\n\n\n\n<p class=\"has-text-align-left has-white-color has-text-color\" style=\"letter-spacing:4px;text-decoration:none;text-transform:none\">\u00e7\u0131xarmaq <strong>\u015f\u0259h\u0259rin m\u0259rk\u0259zind\u0259<\/strong>Siz bizim yerl\u0259\u015fdiyimiz otaqlar\u0131 se\u00e7\u0259 bil\u0259rsiniz. <br><\/p>\n<\/div><\/div>\n<\/div>\n\n\n\n<div id=\"wp-block-themeisle-blocks-advanced-column-1d040c2d\" class=\"wp-block-themeisle-blocks-advanced-column\">\n<div class=\"wp-block-group\"><div class=\"wp-block-group__inner-container is-layout-constrained wp-block-group-is-layout-constrained\">\n<div class=\"wp-block-columns is-layout-flex wp-container-core-columns-is-layout-9d6595d7 wp-block-columns-is-layout-flex\">\n<div class=\"wp-block-column is-layout-flow wp-block-column-is-layout-flow\" style=\"flex-basis:100%\">\n<div id=\"wp-block-themeisle-blocks-font-awesome-icons-b232ab7a\" class=\"wp-block-themeisle-blocks-font-awesome-icons\"><span class=\"wp-block-themeisle-blocks-font-awesome-icons-container\"><i class=\"fab fa-kaggle\"><\/i><\/span><\/div>\n<\/div>\n<\/div>\n\n\n\n<h3 id=\"wp-block-themeisle-blocks-advanced-heading-0d56b776\" class=\"wp-block-themeisle-blocks-advanced-heading wp-block-themeisle-blocks-advanced-heading-0d56b776\">kondisionerli<\/h3>\n\n\n\n<p class=\"has-white-color has-text-color\" style=\"letter-spacing:4px\">Otaqlar\u0131m\u0131z <strong>ham\u0131s\u0131nda kondisioner<\/strong> var, <\/p>\n<\/div><\/div>\n<\/div>\n<\/div><\/div>\n\n\n\n<div id=\"wp-block-themeisle-blocks-advanced-columns-e8fd0648\" class=\"wp-block-themeisle-blocks-advanced-columns has-1-columns has-desktop-equal-layout has-tablet-equal-layout has-mobile-equal-layout has-vertical-unset\"><div class=\"wp-block-themeisle-blocks-advanced-columns-overlay\"><\/div><div class=\"innerblocks-wrap\">\n<div id=\"wp-block-themeisle-blocks-advanced-column-e84e88a9\" class=\"wp-block-themeisle-blocks-advanced-column has-light-bg\">\n<span id=\"wp-block-themeisle-blocks-advanced-heading-2079c614\" class=\"wp-block-themeisle-blocks-advanced-heading wp-block-themeisle-blocks-advanced-heading-2079c614\">Pulsuz<\/span>\n\n\n\n<h2 id=\"wp-block-themeisle-blocks-advanced-heading-99c3d316\" class=\"wp-block-themeisle-blocks-advanced-heading wp-block-themeisle-blocks-advanced-heading-99c3d316\">Amasran\u0131n ilk hosteli<\/h2>\n\n\n\n<p>4 f\u0259rqli otaqdan ibar\u0259t h\u0259r ya\u015fa uy\u011fun pe\u015f\u0259kar dizaynl\u0131 otaqlar. <\/p>\n\n\n\n<p>Otaqlarda \u00e7ay-kahve v\u0259 ictimail\u0259\u015fm\u0259 sah\u0259si var<\/p>\n\n\n\n<div id=\"wp-block-themeisle-blocks-button-group-c9933c1e\" class=\"wp-block-themeisle-blocks-button-group wp-block-buttons align-center\">\n<div id=\"wp-block-themeisle-blocks-button-3f18210a\" class=\"wp-block-themeisle-blocks-button wp-block-button\"><a href=\"http:\/\/hostelamasra.com.tr\/iletisim\/\" target=\"_self\" rel=\"noopener noreferrer\" class=\"wp-block-button__link\"><span>\u00dcnsiyy\u0259t<\/span><\/a><\/div>\n<\/div>\n<\/div>\n<\/div><\/div>","protected":false},"excerpt":{"rendered":"","protected":false},"author":1,"featured_media":218,"parent":0,"menu_order":0,"comment_status":"closed","ping_status":"closed","template":"page-templates\/template-pagebuilder-full-width.php","meta":{"neve_meta_sidebar":"full-width","neve_meta_container":"contained","neve_meta_enable_content_width":"on","neve_meta_content_width":100,"neve_meta_title_alignment":"","neve_meta_author_avatar":"","neve_post_elements_order":"","neve_meta_disable_header":"","neve_meta_disable_footer":"","neve_meta_disable_title":"","neve_meta_reading_time":"","_themeisle_gutenberg_block_has_review":false,"footnotes":""},"class_list":["post-101","page","type-page","status-publish","has-post-thumbnail","hentry"],"_links":{"self":[{"href":"https:\/\/hostelamasra.com.tr\/az\/wp-json\/wp\/v2\/pages\/101","targetHints":{"allow":["GET"]}}],"collection":[{"href":"https:\/\/hostelamasra.com.tr\/az\/wp-json\/wp\/v2\/pages"}],"about":[{"href":"https:\/\/hostelamasra.com.tr\/az\/wp-json\/wp\/v2\/types\/page"}],"author":[{"embeddable":true,"href":"https:\/\/hostelamasra.com.tr\/az\/wp-json\/wp\/v2\/users\/1"}],"replies":[{"embeddable":true,"href":"https:\/\/hostelamasra.com.tr\/az\/wp-json\/wp\/v2\/comments?post=101"}],"version-history":[{"count":25,"href":"https:\/\/hostelamasra.com.tr\/az\/wp-json\/wp\/v2\/pages\/101\/revisions"}],"predecessor-version":[{"id":484,"href":"https:\/\/hostelamasra.com.tr\/az\/wp-json\/wp\/v2\/pages\/101\/revisions\/484"}],"wp:featuredmedia":[{"embeddable":true,"href":"https:\/\/hostelamasra.com.tr\/az\/wp-json\/wp\/v2\/media\/218"}],"wp:attachment":[{"href":"https:\/\/hostelamasra.com.tr\/az\/wp-json\/wp\/v2\/media?parent=101"}],"curies":[{"name":"wp","href":"https:\/\/api.w.org\/{rel}","templated":true}]}}