{"id":374,"date":"2023-08-07T17:50:44","date_gmt":"2023-08-07T17:50:44","guid":{"rendered":"http:\/\/hostelamasra.com.tr\/?page_id=374"},"modified":"2023-08-07T17:50:45","modified_gmt":"2023-08-07T17:50:45","slug":"sik-sorulan-sorular","status":"publish","type":"page","link":"https:\/\/hostelamasra.com.tr\/ar\/sik-sorulan-sorular\/","title":{"rendered":"\u0623\u0633\u0626\u0644\u0629 \u0645\u0643\u0631\u0631\u0629"},"content":{"rendered":"<h3 class=\"wp-block-heading\">\u0647\u0644 \u062a\u0642\u0628\u0644 \u0627\u0644\u062d\u064a\u0648\u0627\u0646\u0627\u062a \u0627\u0644\u0623\u0644\u064a\u0641\u0629\u061f<\/h3>\n\n\n\n<p>\u0644\u0644\u0623\u0633\u0641 \u0644\u0627\u060c \u0646\u062d\u0646 \u0646\u062d\u0628 \u0627\u0644\u062d\u064a\u0648\u0627\u0646\u0627\u062a \u0627\u0644\u0623\u0644\u064a\u0641\u0629 \u0643\u062b\u064a\u0631\u064b\u0627 \u0648\u0644\u0643\u0646<strong> \u0633\u064a\u0627\u0633\u0629 \u0627\u0644\u062a\u0646\u0638\u064a\u0641 \u0627\u0644\u0645\u062a\u0645\u064a\u0632\u0629 \u0644\u062f\u064a\u0646\u0627<\/strong> \u0648\u0628\u0646\u0627\u0621\u064b \u0639\u0644\u0649 \u0630\u0644\u0643\u060c \u0644\u0627 \u064a\u0645\u0643\u0646\u0646\u0627 \u0642\u0628\u0648\u0644\u0647\u0645 \u0641\u064a \u0641\u0646\u062f\u0642\u0646\u0627.<\/p>\n\n\n\n<h3 class=\"wp-block-heading\">\u0647\u0644 \u0634\u0642\u062a\u0643 \u0642\u0631\u064a\u0628\u0629 \u0645\u0646 \u0627\u0644\u0634\u0627\u0637\u0626 \u0648\u0627\u0644\u0628\u062d\u0631\u061f<\/h3>\n\n\n\n<p>\u0634\u0642\u0642\u0646\u0627 \u0648\u063a\u0631\u0641\u0646\u0627<strong> 200-300 \u0645\u062a\u0631 \u0625\u0644\u0649 \u0634\u0627\u0637\u0626 \u0643\u0648\u062a\u0634\u0648\u0643 \u0644\u064a\u0645\u0627\u0646 \u0648\u0634\u0627\u0637\u0626 \u0628\u0648\u064a\u0648\u0643 \u0644\u064a\u0645\u0627\u0646<\/strong> \u0628\u0639\u064a\u062f. \u0646\u062d\u0646 \u0641\u064a \u0648\u0633\u0637 \u0623\u0645\u0627\u0633\u0631\u0627.<\/p>\n\n\n\n<h3 class=\"wp-block-heading\">\u0647\u0644 \u0644\u062f\u064a\u0643 \u0645\u0648\u0642\u0641 \u0644\u0644\u0633\u064a\u0627\u0631\u0627\u062a\u061f<\/h3>\n\n\n\n<p>\u0645\u0648\u0642\u0639 \u0645\u062e\u0635\u0635 \u062a\u0627\u0628\u0639 \u0644\u0623\u0639\u0645\u0627\u0644\u0646\u0627 <strong>\u0644\u064a\u0633 \u0644\u062f\u064a\u0646\u0627 \u0645\u0648\u0627\u0642\u0641 \u0644\u0644\u0633\u064a\u0627\u0631\u0627\u062a <\/strong>\u0648\u0645\u0639 \u0630\u0644\u0643\u060c \u062a\u0648\u062c\u062f \u0645\u0648\u0627\u0642\u0641 \u0633\u064a\u0627\u0631\u0627\u062a \u062a\u0627\u0628\u0639\u0629 \u0644\u0644\u0628\u0644\u062f\u064a\u0629 \u0648\u062e\u0627\u0635\u0629 \u0641\u064a \u0645\u0643\u0627\u0646 \u0642\u0631\u064a\u0628. \u062e\u0627\u0631\u062c \u0627\u0644\u0639\u0637\u0644\u0627\u062a \u0648\u0645\u0648\u0633\u0645 \u0627\u0644\u0630\u0631\u0648\u0629 (\u064a\u0648\u0646\u064a\u0648-\u064a\u0648\u0644\u064a\u0648-\u0623\u063a\u0633\u0637\u0633) \u064a\u0645\u0643\u0646\u0646\u0627 \u0645\u0633\u0627\u0639\u062f\u062a\u0643 \u0641\u064a \u0627\u0644\u0639\u062b\u0648\u0631 \u0639\u0644\u0649 \u0645\u0648\u0627\u0642\u0641 \u0645\u062c\u0627\u0646\u064a\u0629 \u0644\u0644\u0633\u064a\u0627\u0631\u0627\u062a.<\/p>\n\n\n\n<h3 class=\"wp-block-heading\">\u0645\u0627 \u0647\u064a \u0633\u064a\u0627\u0633\u0629 \u0627\u0644\u0625\u0644\u063a\u0627\u0621\u061f<\/h3>\n\n\n\n<p>\u0644\u0646 \u064a\u062a\u0645 \u0641\u0631\u0636 \u0623\u064a \u0639\u0642\u0648\u0628\u0629 \u0639\u0644\u0649 \u0627\u0644\u0625\u0644\u063a\u0627\u0621\u0627\u062a \u0627\u0644\u062a\u064a \u062a\u062a\u0645 \u062e\u0644\u0627\u0644 \u0622\u062e\u0631 3 \u0623\u064a\u0627\u0645. \u0644\u0644\u0641\u062a\u0631\u0627\u062a \u0627\u0644\u0623\u0642\u0635\u0631\u060c \u064a\u062a\u0645 \u062a\u0637\u0628\u064a\u0642 \u0639\u0642\u0648\u0628\u0629 \u064a\u0648\u0645 \u0648\u0627\u062d\u062f (\u064a\u0636\u0627\u0641 \u064a\u0648\u0645 \u0625\u0636\u0627\u0641\u064a \u0648\u0627\u062d\u062f \u0644\u0643\u0644 7 \u0623\u064a\u0627\u0645). \u0639\u0644\u0649 \u0633\u0628\u064a\u0644 \u0627\u0644\u0645\u062b\u0627\u0644\u060c \u064a\u062a\u0645 \u062a\u0637\u0628\u064a\u0642 \u0639\u0642\u0648\u0628\u0629 \u0644\u064a\u0644\u062a\u064a\u0646 \u0644\u0644\u0625\u0642\u0627\u0645\u0629 \u0644\u0645\u062f\u0629 8 \u0623\u064a\u0627\u0645.<\/p>\n\n\n\n<h3 class=\"wp-block-heading\">\u0647\u0644 \u064a\u0645\u0643\u0646\u0646\u064a \u0625\u062c\u0631\u0627\u0621 \u0627\u0644\u062d\u062c\u0632 \u0639\u0628\u0631 \u0627\u0644\u0625\u0646\u062a\u0631\u0646\u062a\u061f<\/h3>\n\n\n\n<p>\u0623\u062c\u0644\u060c <a href=\"https:\/\/www.amasraadaapart.com\/pages\/rooms-rates\" target=\"_blank\" rel=\"noopener\">www.amasraadaapart.com<\/a>\u064a\u0645\u0643\u0646\u0643 \u0625\u062c\u0631\u0627\u0621 \u0627\u0644\u062d\u062c\u0632 \u0645\u0628\u0627\u0634\u0631\u0629 \u0645\u0646 .<\/p>\n\n\n\n<h3 class=\"wp-block-heading\">\u0645\u0627 \u0647\u064a \u0623\u0648\u0642\u0627\u062a \u062a\u0633\u062c\u064a\u0644 \u0627\u0644\u0648\u0635\u0648\u0644 \u0648\u0627\u0644\u0645\u063a\u0627\u062f\u0631\u0629 \u0641\u064a \u0627\u0644\u0641\u0646\u062f\u0642\u061f<\/h3>\n\n\n\n<p>\u0648\u0642\u062a \u062f\u062e\u0648\u0644\u0646\u0627 \u0647\u0648 15:00 \u0648\u0648\u0642\u062a \u0627\u0644\u062e\u0631\u0648\u062c \u0647\u0648 12:00.<\/p>\n\n\n\n<h3 class=\"wp-block-heading\">\u0647\u0644 \u0644\u062f\u064a\u0643 \u062e\u062f\u0645\u0629 \u0646\u0642\u0644 \u0645\u0643\u0648\u0643\u064a\u0629 \u0645\u0646 \u0645\u0637\u0627\u0631\u0627\u062a \u0627\u0633\u0637\u0646\u0628\u0648\u0644 \u0648\u0623\u0646\u0642\u0631\u0629 \u0648\u062a\u0634\u0627\u064a\u0643\u0648\u0645\u0627\u061f<\/h3>\n\n\n\n<p>\u0644\u064a\u0633 \u0644\u062f\u064a\u0646\u0627 \u062e\u062f\u0645\u0629 \u0645\u0628\u0627\u0634\u0631\u0629 \u0645\u0646 \u0627\u0644\u0645\u0637\u0627\u0631\u0627\u062a \u0623\u0648 \u0645\u062d\u0637\u0627\u062a \u0627\u0644\u062d\u0627\u0641\u0644\u0627\u062a. \u0644\u0648 \u0643\u0646\u062a \u062a\u0631\u064a\u062f <a href=\"https:\/\/www.amasra.com.tr\/amasra-taksi-duragi-iletisim\/\" target=\"_blank\" rel=\"noopener\">\u0623\u0645\u0627\u0633\u0631\u0627 \u062a\u0627\u0643\u0633\u064a <\/a>\u0628\u0627\u0645\u0643\u0627\u0646\u0643 \u0627\u0644\u0627\u062a\u0635\u0627\u0644.<\/p>\n\n\n\n<h3 class=\"wp-block-heading\">\u0623\u064a\u0646 \u064a\u0645\u0643\u0646\u0646\u064a \u0627\u0644\u0639\u062b\u0648\u0631 \u0639\u0644\u0649 \u0645\u0639\u0644\u0648\u0645\u0627\u062a \u0645\u0641\u0635\u0644\u0629 \u0648\u062e\u0631\u064a\u0637\u0629 \u0627\u0644\u0645\u0648\u0642\u0639 \u062d\u0648\u0644 \u063a\u0631\u0641 \u0627\u0644\u0641\u0646\u062f\u0642\u061f<\/h3>\n\n\n\n<p>\u0639\u0644\u0649 \u0645\u0648\u0642\u0639\u0646\u0627<a href=\"http:\/\/hostelamasra.com.tr\/odalarimiz\/\" data-type=\"URL\" data-id=\"http:\/\/hostelamasra.com.tr\/odalarimiz\/\"> \u063a\u0631\u0641\u0646\u0627 \u0648\u063a\u0631\u0641\u0646\u0627<\/a> \u064a\u0645\u0643\u0646\u0643 \u0627\u0644\u0627\u0637\u0644\u0627\u0639 \u0639\u0644\u0649 \u0645\u0639\u0644\u0648\u0645\u0627\u062a \u0645\u0641\u0635\u0644\u0629 \u0639\u0644\u0649 \u0635\u0641\u062d\u062a\u0646\u0627.<\/p>\n\n\n\n<h3 class=\"wp-block-heading\">\u0647\u0644 \u0644\u062f\u064a\u0643 \u062e\u062f\u0645\u0629 \u0627\u0644\u0625\u0641\u0637\u0627\u0631 \u0623\u0648 \u0627\u0644\u0648\u062c\u0628\u0627\u062a\u061f<\/h3>\n\n\n\n<p>\u0644\u0627 \u0644\u0627 \u064a\u0648\u062c\u062f.<\/p>\n\n\n\n<h3 class=\"wp-block-heading\">\u0643\u064a\u0641\u064a\u0629 \u0627\u0644\u062d\u0635\u0648\u0644 \u0639\u0644\u0649 \u062a\u0623\u0643\u064a\u062f \u0627\u0644\u062d\u062c\u0632\u061f<\/h3>\n\n\n\n<p>\u0628\u0639\u062f \u0625\u062c\u0631\u0627\u0621 \u0627\u0644\u062d\u062c\u0632 \u0639\u0628\u0631 \u0627\u0644\u0625\u0646\u062a\u0631\u0646\u062a \u0623\u0648 \u0639\u0628\u0631 \u0623\u0631\u0642\u0627\u0645 \u0647\u0648\u0627\u062a\u0641\u0646\u0627 <strong>\u062a\u0623\u0643\u064a\u062f \u0627\u0644\u0628\u0631\u064a\u062f \u0627\u0644\u0625\u0644\u0643\u062a\u0631\u0648\u0646\u064a (\u0645\u0639\u0644\u0648\u0645\u0627\u062a IBAN) \u0625\u0644\u0649 \u0646\u0638\u0627\u0645 \u0627\u0644\u0628\u0631\u064a\u062f \u0627\u0644\u0625\u0644\u0643\u062a\u0631\u0648\u0646\u064a \u0627\u0644\u062e\u0627\u0635 \u0628\u0643 <\/strong>\u062a\u0623\u062a\u064a. <strong>\u0625\u064a\u062f\u0627\u0639 \u062e\u0644\u0627\u0644 24 \u0633\u0627\u0639\u0629 <\/strong>\u0628\u0645\u062c\u0631\u062f \u0642\u064a\u0627\u0645\u0643 \u0628\u0627\u0644\u0625\u064a\u062f\u0627\u0639\u060c \u0633\u064a\u062a\u0645 \u062a\u0623\u0643\u064a\u062f \u062d\u062c\u0632\u0643.<\/p>","protected":false},"excerpt":{"rendered":"<p>Evcil Hayvan Kabul ediyor musunu? Malesef hay\u0131r, evcil hayvanlar\u0131 \u00e7ok seviyoruz ancak \u00fcst\u00fcn temizlik politikam\u0131z gere\u011fi otelimizde kabul edemiyoruz. Daireleriniz plaja &amp; denize yak\u0131n m\u0131? Dailerimiz ve odalar\u0131m\u0131z K\u00fc\u00e7\u00fck Liman ve B\u00fcy\u00fck Liman Plaj\u0131\u2019na 200-300 metre uzakl\u0131ktad\u0131r. Amasra merkezindeyiz. Otopark\u0131n\u0131z var m\u0131? \u0130\u015fletmemize ait ayr\u0131lm\u0131\u015f bir otopark\u0131m\u0131z bulunmuyor ancak, yak\u0131nlar\u0131m\u0131zda belediye ve \u00f6zel ki\u015filere ait&hellip;&nbsp;<a href=\"https:\/\/hostelamasra.com.tr\/ar\/sik-sorulan-sorular\/\" rel=\"bookmark\">\u0627\u0642\u0631\u0623 \u0623\u0643\u062b\u0631 &quot;<span class=\"screen-reader-text\">\u0623\u0633\u0626\u0644\u0629 \u0645\u0643\u0631\u0631\u0629<\/span><\/a><\/p>","protected":false},"author":1,"featured_media":0,"parent":0,"menu_order":0,"comment_status":"closed","ping_status":"closed","template":"","meta":{"neve_meta_sidebar":"","neve_meta_container":"","neve_meta_enable_content_width":"","neve_meta_content_width":0,"neve_meta_title_alignment":"","neve_meta_author_avatar":"","neve_post_elements_order":"","neve_meta_disable_header":"","neve_meta_disable_footer":"","neve_meta_disable_title":"","neve_meta_reading_time":"","_themeisle_gutenberg_block_has_review":false,"footnotes":""},"class_list":["post-374","page","type-page","status-publish","hentry"],"_links":{"self":[{"href":"https:\/\/hostelamasra.com.tr\/ar\/wp-json\/wp\/v2\/pages\/374","targetHints":{"allow":["GET"]}}],"collection":[{"href":"https:\/\/hostelamasra.com.tr\/ar\/wp-json\/wp\/v2\/pages"}],"about":[{"href":"https:\/\/hostelamasra.com.tr\/ar\/wp-json\/wp\/v2\/types\/page"}],"author":[{"embeddable":true,"href":"https:\/\/hostelamasra.com.tr\/ar\/wp-json\/wp\/v2\/users\/1"}],"replies":[{"embeddable":true,"href":"https:\/\/hostelamasra.com.tr\/ar\/wp-json\/wp\/v2\/comments?post=374"}],"version-history":[{"count":1,"href":"https:\/\/hostelamasra.com.tr\/ar\/wp-json\/wp\/v2\/pages\/374\/revisions"}],"predecessor-version":[{"id":375,"href":"https:\/\/hostelamasra.com.tr\/ar\/wp-json\/wp\/v2\/pages\/374\/revisions\/375"}],"wp:attachment":[{"href":"https:\/\/hostelamasra.com.tr\/ar\/wp-json\/wp\/v2\/media?parent=374"}],"curies":[{"name":"wp","href":"https:\/\/api.w.org\/{rel}","templated":true}]}}